{"id":5336,"date":"2025-12-01T17:14:14","date_gmt":"2025-12-01T16:14:14","guid":{"rendered":"https:\/\/deutsch-ukrainisches-zentrum-rostock.de\/?page_id=5336"},"modified":"2025-12-02T19:11:37","modified_gmt":"2025-12-02T18:11:37","slug":"projekt-razomzrostaty-zusammenwachsen","status":"publish","type":"page","link":"https:\/\/deutsch-ukrainisches-zentrum-rostock.de\/uk\/projekt-razomzrostaty-zusammenwachsen\/","title":{"rendered":"\u0420\u0430\u0437\u043e\u043c\u0417\u0440\u043e\u0441\u0442\u0430\u0442\u0438 \/ ZusammenWachsen"},"content":{"rendered":"<div data-elementor-type=\"wp-page\" data-elementor-id=\"5336\" class=\"elementor elementor-5336\" data-elementor-post-type=\"page\">\n\t\t\t\t<div class=\"elementor-element elementor-element-a3bfda4 e-flex e-con-boxed e-con e-parent\" data-id=\"a3bfda4\" data-element_type=\"container\">\n\t\t\t\t\t<div class=\"e-con-inner\">\n\t\t\t\t<div class=\"elementor-element elementor-element-46395d0 elementor-widget elementor-widget-heading\" data-id=\"46395d0\" data-element_type=\"widget\" data-widget_type=\"heading.default\">\n\t\t\t\t<div class=\"elementor-widget-container\">\n\t\t\t\t\t<h2 class=\"elementor-heading-title elementor-size-default\">\u041d\u0456\u043c\u0435\u0446\u044c\u043a\u043e-\u0443\u043a\u0440\u0430\u0457\u043d\u0441\u044c\u043a\u0438\u0439 \u0446\u0435\u043d\u0442\u0440 \u0420\u043e\u0441\u0442\u043e\u043a \u0437\u0430\u043f\u0443\u0441\u043a\u0430\u0454 \u043d\u043e\u0432\u0438\u0439 \u043f\u0440\u043e\u0454\u043a\u0442 \u00ab\u0420\u0430\u0437\u043e\u043c\u0417\u0440\u043e\u0441\u0442\u0430\u0442\u0438 \/ ZusammenWachsen\u00bb.<\/h2>\t\t\t\t<\/div>\n\t\t\t\t<\/div>\n\t\t\t\t<div class=\"elementor-element elementor-element-282732d elementor-widget elementor-widget-text-editor\" data-id=\"282732d\" data-element_type=\"widget\" data-widget_type=\"text-editor.default\">\n\t\t\t\t<div class=\"elementor-widget-container\">\n\t\t\t\t\t\t\t\t\t<p>\ud83c\udf3f \u0417\u0430\u043f\u0440\u043e\u0448\u0443\u0454\u043c\u043e \u0434\u043e \u0432\u0456\u0434\u043a\u0440\u0438\u0442\u043e\u0457 \u0433\u0440\u0443\u043f\u0438 \u2014 \u0431\u0435\u0437\u043f\u0435\u0447\u043d\u043e\u0433\u043e \u043f\u0440\u043e\u0441\u0442\u043e\u0440\u0443 \u0434\u043b\u044f \u0441\u043f\u0456\u043b\u043a\u0443\u0432\u0430\u043d\u043d\u044f, \u043f\u0456\u0434\u0442\u0440\u0438\u043c\u043a\u0438 \u0442\u0430 \u0437\u0443\u0441\u0442\u0440\u0456\u0447\u0435\u0439.<br \/>\u0420\u0430\u0437\u043e\u043c \u043c\u0438 \u0433\u043e\u0432\u043e\u0440\u0438\u0442\u0438\u043c\u0435\u043c\u043e \u043f\u0440\u043e \u0432\u0430\u0436\u043b\u0438\u0432\u0456 \u0436\u0438\u0442\u0442\u0454\u0432\u0456 \u0442\u0435\u043c\u0438, \u0431\u0440\u0430\u0442\u0438\u043c\u0435\u043c\u043e \u0443\u0447\u0430\u0441\u0442\u044c \u0443 \u043a\u0443\u043b\u044c\u0442\u0443\u0440\u043d\u0438\u0445 \u0456 \u0434\u043e\u0437\u0432\u0456\u043b\u043b\u0454\u0432\u0438\u0445 \u0437\u0430\u0445\u043e\u0434\u0430\u0445 \u0442\u0430 \u0437\u043c\u0456\u0446\u043d\u044e\u0432\u0430\u0442\u0438\u043c\u0435\u043c\u043e \u0432\u0456\u0434\u0447\u0443\u0442\u0442\u044f \u0441\u043f\u0456\u043b\u044c\u043d\u043e\u0442\u0438.<\/p><p>\u0413\u0440\u0443\u043f\u0430 \u0434\u043e\u043f\u043e\u043c\u0430\u0433\u0430\u0454 \u0437\u043d\u0438\u0437\u0438\u0442\u0438 \u0440\u0456\u0432\u0435\u043d\u044c \u0441\u0442\u0440\u0435\u0441\u0443, \u0437\u043d\u0430\u0439\u0442\u0438 \u043d\u043e\u0432\u0456 \u043f\u0435\u0440\u0441\u043f\u0435\u043a\u0442\u0438\u0432\u0438 \u0442\u0430 \u043e\u0442\u0440\u0438\u043c\u0430\u0442\u0438 \u0431\u0456\u043b\u044c\u0448\u0435 \u043c\u043e\u0436\u043b\u0438\u0432\u043e\u0441\u0442\u0435\u0439 \u0434\u043b\u044f \u0441\u043e\u0446\u0456\u0430\u043b\u044c\u043d\u043e\u0457 \u0432\u0437\u0430\u0454\u043c\u043e\u0434\u0456\u0457.<\/p><p>\ud83d\udc65 \u0413\u0440\u0443\u043f\u0443 \u0432\u0435\u0434\u0435 \u043f\u0441\u0438\u0445\u043e\u043b\u043e\u0433\u0438\u043d\u044f \u041d\u0430\u0442\u0430\u043b\u0456\u044f \u0413\u0440\u043e\u0441\u0441\u0435.<br \/>\u0417\u0430\u043f\u0440\u043e\u0448\u0443\u0454\u043c\u043e \u0432\u0441\u0456\u0445, \u0445\u0442\u043e \u0448\u0443\u043a\u0430\u0454 \u0441\u043e\u0446\u0456\u0430\u043b\u044c\u043d\u0443 \u043f\u0456\u0434\u0442\u0440\u0438\u043c\u043a\u0443, \u043a\u043e\u043b\u043e \u0441\u043f\u0456\u043b\u043a\u0443\u0432\u0430\u043d\u043d\u044f \u0442\u0430 \u0431\u0430\u0436\u0430\u0454 \u0431\u0443\u0442\u0438 \u0447\u0430\u0441\u0442\u0438\u043d\u043e\u044e \u0434\u0440\u0443\u0436\u043d\u044c\u043e\u0457 \u0441\u043f\u0456\u043b\u044c\u043d\u043e\u0442\u0438.<\/p><p>\ud83e\udd1d \u041f\u0440\u0438\u0454\u0434\u043d\u0443\u0439\u0442\u0435\u0441\u044f \u2014 \u043c\u0438 \u0437\u0440\u043e\u0441\u0442\u0430\u0454\u043c\u043e \u0440\u0430\u0437\u043e\u043c!<\/p>\t\t\t\t\t\t\t\t<\/div>\n\t\t\t\t<\/div>\n\t\t<div class=\"elementor-element elementor-element-9c3b1da e-con-full e-flex e-con e-child\" data-id=\"9c3b1da\" data-element_type=\"container\" data-settings=\"{&quot;background_background&quot;:&quot;classic&quot;}\">\n\t\t\t\t<div class=\"elementor-element elementor-element-21d1c85 elementor-widget elementor-widget-text-editor\" data-id=\"21d1c85\" data-element_type=\"widget\" data-widget_type=\"text-editor.default\">\n\t\t\t\t<div class=\"elementor-widget-container\">\n\t\t\t\t\t\t\t\t\t<p><strong>\u041a\u043e\u043b\u0438 \u0456 \u0434\u0435?<\/strong><\/p>\t\t\t\t\t\t\t\t<\/div>\n\t\t\t\t<\/div>\n\t\t\t\t<div class=\"elementor-element elementor-element-18abbaa elementor-widget elementor-widget-text-editor\" data-id=\"18abbaa\" data-element_type=\"widget\" data-widget_type=\"text-editor.default\">\n\t\t\t\t<div class=\"elementor-widget-container\">\n\t\t\t\t\t\t\t\t\t<p>\ud83d\udcc5 \u0427\u0430\u0441 \u0437\u0443\u0441\u0442\u0440\u0456\u0447\u0435\u0439: \u0449\u043e\u0432\u0456\u0432\u0442\u043e\u0440\u043a\u0430 \u043e 17:00<br \/>\ud83d\udccd \u041c\u0456\u0441\u0446\u0435: Aleksis-Kivi-Stra\u00dfe 13, 18106 Rostock<br \/>\ud83d\udcde \u0420\u0435\u0454\u0441\u0442\u0440\u0430\u0446\u0456\u044f \u0442\u0435\u043b\u0435\u0444\u043e\u043d\u043e\u043c: +49 160 94478273<\/p>\t\t\t\t\t\t\t\t<\/div>\n\t\t\t\t<\/div>\n\t\t\t\t<\/div>\n\t\t\t\t<div class=\"elementor-element elementor-element-331341e elementor-widget elementor-widget-gallery\" data-id=\"331341e\" data-element_type=\"widget\" data-settings=\"{&quot;gallery_layout&quot;:&quot;justified&quot;,&quot;gap&quot;:{&quot;unit&quot;:&quot;px&quot;,&quot;size&quot;:9,&quot;sizes&quot;:[]},&quot;ideal_row_height&quot;:{&quot;unit&quot;:&quot;px&quot;,&quot;size&quot;:500,&quot;sizes&quot;:[]},&quot;lazyload&quot;:&quot;yes&quot;,&quot;ideal_row_height_tablet&quot;:{&quot;unit&quot;:&quot;px&quot;,&quot;size&quot;:150,&quot;sizes&quot;:[]},&quot;ideal_row_height_mobile&quot;:{&quot;unit&quot;:&quot;px&quot;,&quot;size&quot;:150,&quot;sizes&quot;:[]},&quot;gap_tablet&quot;:{&quot;unit&quot;:&quot;px&quot;,&quot;size&quot;:10,&quot;sizes&quot;:[]},&quot;gap_mobile&quot;:{&quot;unit&quot;:&quot;px&quot;,&quot;size&quot;:10,&quot;sizes&quot;:[]},&quot;link_to&quot;:&quot;file&quot;,&quot;content_hover_animation&quot;:&quot;fade-in&quot;}\" data-widget_type=\"gallery.default\">\n\t\t\t\t<div class=\"elementor-widget-container\">\n\t\t\t\t\t\t\t<div class=\"elementor-gallery__container\">\n\t\t\t\t\t\t\t<a class=\"e-gallery-item elementor-gallery-item elementor-animated-content\" href=\"https:\/\/deutsch-ukrainisches-zentrum-rostock.de\/wp-content\/uploads\/2025\/12\/\u0433\u0440\u0443\u0434\u0435\u043d\u044c.png\" data-elementor-open-lightbox=\"yes\" data-elementor-lightbox-slideshow=\"331341e\" data-elementor-lightbox-title=\"Ank\u00fcndigung im Dezember\" data-e-action-hash=\"#elementor-action%3Aaction%3Dlightbox%26settings%3DeyJpZCI6NTM0NSwidXJsIjoiaHR0cHM6XC9cL2RldXRzY2gtdWtyYWluaXNjaGVzLXplbnRydW0tcm9zdG9jay5kZVwvd3AtY29udGVudFwvdXBsb2Fkc1wvMjAyNVwvMTJcL1x1MDQzM1x1MDQ0MFx1MDQ0M1x1MDQzNFx1MDQzNVx1MDQzZFx1MDQ0Yy5wbmciLCJzbGlkZXNob3ciOiIzMzEzNDFlIn0%3D\">\n\t\t\t\t\t<div class=\"e-gallery-image elementor-gallery-item__image\" data-thumbnail=\"https:\/\/deutsch-ukrainisches-zentrum-rostock.de\/wp-content\/uploads\/2025\/12\/\u0433\u0440\u0443\u0434\u0435\u043d\u044c.png\" data-width=\"621\" data-height=\"866\" aria-label=\"Ank\u00fcndigung im Dezember\" role=\"img\" ><\/div>\n\t\t\t\t\t\t\t\t\t\t\t\t\t\t<\/a>\n\t\t\t\t\t\t\t<a class=\"e-gallery-item elementor-gallery-item elementor-animated-content\" href=\"https:\/\/deutsch-ukrainisches-zentrum-rostock.de\/wp-content\/uploads\/2025\/12\/\u043e\u0431\u044f\u0432\u0430_\u0441\u0456\u0447\u0435\u043d\u044c.png\" data-elementor-open-lightbox=\"yes\" data-elementor-lightbox-slideshow=\"331341e\" data-elementor-lightbox-title=\"Ank\u00fcndigung Januar\" data-e-action-hash=\"#elementor-action%3Aaction%3Dlightbox%26settings%3DeyJpZCI6NTM2MCwidXJsIjoiaHR0cHM6XC9cL2RldXRzY2gtdWtyYWluaXNjaGVzLXplbnRydW0tcm9zdG9jay5kZVwvd3AtY29udGVudFwvdXBsb2Fkc1wvMjAyNVwvMTJcL1x1MDQzZVx1MDQzMVx1MDQ0Zlx1MDQzMlx1MDQzMF9cdTA0NDFcdTA0NTZcdTA0NDdcdTA0MzVcdTA0M2RcdTA0NGMucG5nIiwic2xpZGVzaG93IjoiMzMxMzQxZSJ9\">\n\t\t\t\t\t<div class=\"e-gallery-image elementor-gallery-item__image\" data-thumbnail=\"https:\/\/deutsch-ukrainisches-zentrum-rostock.de\/wp-content\/uploads\/2025\/12\/\u043e\u0431\u044f\u0432\u0430_\u0441\u0456\u0447\u0435\u043d\u044c.png\" data-width=\"599\" data-height=\"864\" aria-label=\"Ank\u00fcndigung Januar\" role=\"img\" ><\/div>\n\t\t\t\t\t\t\t\t\t\t\t\t\t\t<\/a>\n\t\t\t\t\t\t\t<a class=\"e-gallery-item elementor-gallery-item elementor-animated-content\" href=\"https:\/\/deutsch-ukrainisches-zentrum-rostock.de\/wp-content\/uploads\/2025\/12\/\u043b\u044e\u0442\u0438\u0439.png\" data-elementor-open-lightbox=\"yes\" data-elementor-lightbox-slideshow=\"331341e\" data-elementor-lightbox-title=\"Ank\u00fcndigung im Februar\" data-e-action-hash=\"#elementor-action%3Aaction%3Dlightbox%26settings%3DeyJpZCI6NTM0MiwidXJsIjoiaHR0cHM6XC9cL2RldXRzY2gtdWtyYWluaXNjaGVzLXplbnRydW0tcm9zdG9jay5kZVwvd3AtY29udGVudFwvdXBsb2Fkc1wvMjAyNVwvMTJcL1x1MDQzYlx1MDQ0ZVx1MDQ0Mlx1MDQzOFx1MDQzOS5wbmciLCJzbGlkZXNob3ciOiIzMzEzNDFlIn0%3D\">\n\t\t\t\t\t<div class=\"e-gallery-image elementor-gallery-item__image\" data-thumbnail=\"https:\/\/deutsch-ukrainisches-zentrum-rostock.de\/wp-content\/uploads\/2025\/12\/\u043b\u044e\u0442\u0438\u0439.png\" data-width=\"603\" data-height=\"865\" aria-label=\"Ank\u00fcndigung im Februar\" role=\"img\" ><\/div>\n\t\t\t\t\t\t\t\t\t\t\t\t\t\t<\/a>\n\t\t\t\t\t\t\t<a class=\"e-gallery-item elementor-gallery-item elementor-animated-content\" href=\"https:\/\/deutsch-ukrainisches-zentrum-rostock.de\/wp-content\/uploads\/2025\/12\/\u0421\u043d\u0438\u043c\u043e\u043a-\u044d\u043a\u0440\u0430\u043d\u0430-2025-12-01-171852.png\" data-elementor-open-lightbox=\"yes\" data-elementor-lightbox-slideshow=\"331341e\" data-elementor-lightbox-title=\"Ank\u00fcndigung f\u00fcr M\u00e4rz\" data-e-action-hash=\"#elementor-action%3Aaction%3Dlightbox%26settings%3DeyJpZCI6NTM0MCwidXJsIjoiaHR0cHM6XC9cL2RldXRzY2gtdWtyYWluaXNjaGVzLXplbnRydW0tcm9zdG9jay5kZVwvd3AtY29udGVudFwvdXBsb2Fkc1wvMjAyNVwvMTJcL1x1MDQyMVx1MDQzZFx1MDQzOFx1MDQzY1x1MDQzZVx1MDQzYS1cdTA0NGRcdTA0M2FcdTA0NDBcdTA0MzBcdTA0M2RcdTA0MzAtMjAyNS0xMi0wMS0xNzE4NTIucG5nIiwic2xpZGVzaG93IjoiMzMxMzQxZSJ9\">\n\t\t\t\t\t<div class=\"e-gallery-image elementor-gallery-item__image\" data-thumbnail=\"https:\/\/deutsch-ukrainisches-zentrum-rostock.de\/wp-content\/uploads\/2025\/12\/\u0421\u043d\u0438\u043c\u043e\u043a-\u044d\u043a\u0440\u0430\u043d\u0430-2025-12-01-171852.png\" data-width=\"621\" data-height=\"862\" aria-label=\"Ank\u00fcndigung f\u00fcr M\u00e4rz\" role=\"img\" ><\/div>\n\t\t\t\t\t\t\t\t\t\t\t\t\t\t<\/a>\n\t\t\t\t\t\t\t<a class=\"e-gallery-item elementor-gallery-item elementor-animated-content\" href=\"https:\/\/deutsch-ukrainisches-zentrum-rostock.de\/wp-content\/uploads\/2025\/12\/\u043e\u0431\u044f\u0432\u0430_\u043a\u0432\u0456\u0442\u0435\u043d\u044c.png\" data-elementor-open-lightbox=\"yes\" data-elementor-lightbox-slideshow=\"331341e\" data-elementor-lightbox-title=\"Ank\u00fcndigung April\" data-e-action-hash=\"#elementor-action%3Aaction%3Dlightbox%26settings%3DeyJpZCI6NTM2MSwidXJsIjoiaHR0cHM6XC9cL2RldXRzY2gtdWtyYWluaXNjaGVzLXplbnRydW0tcm9zdG9jay5kZVwvd3AtY29udGVudFwvdXBsb2Fkc1wvMjAyNVwvMTJcL1x1MDQzZVx1MDQzMVx1MDQ0Zlx1MDQzMlx1MDQzMF9cdTA0M2FcdTA0MzJcdTA0NTZcdTA0NDJcdTA0MzVcdTA0M2RcdTA0NGMucG5nIiwic2xpZGVzaG93IjoiMzMxMzQxZSJ9\">\n\t\t\t\t\t<div class=\"e-gallery-image elementor-gallery-item__image\" data-thumbnail=\"https:\/\/deutsch-ukrainisches-zentrum-rostock.de\/wp-content\/uploads\/2025\/12\/\u043e\u0431\u044f\u0432\u0430_\u043a\u0432\u0456\u0442\u0435\u043d\u044c.png\" data-width=\"595\" data-height=\"813\" aria-label=\"Ank\u00fcndigung April\" role=\"img\" ><\/div>\n\t\t\t\t\t\t\t\t\t\t\t\t\t\t<\/a>\n\t\t\t\t\t\t\t<a class=\"e-gallery-item elementor-gallery-item elementor-animated-content\" href=\"https:\/\/deutsch-ukrainisches-zentrum-rostock.de\/wp-content\/uploads\/2025\/12\/\u0442\u0440\u0430\u0432\u0435\u043d\u044c.png\" data-elementor-open-lightbox=\"yes\" data-elementor-lightbox-slideshow=\"331341e\" data-elementor-lightbox-title=\"Ank\u00fcndigung Mai\" data-e-action-hash=\"#elementor-action%3Aaction%3Dlightbox%26settings%3DeyJpZCI6NTM0NCwidXJsIjoiaHR0cHM6XC9cL2RldXRzY2gtdWtyYWluaXNjaGVzLXplbnRydW0tcm9zdG9jay5kZVwvd3AtY29udGVudFwvdXBsb2Fkc1wvMjAyNVwvMTJcL1x1MDQ0Mlx1MDQ0MFx1MDQzMFx1MDQzMlx1MDQzNVx1MDQzZFx1MDQ0Yy5wbmciLCJzbGlkZXNob3ciOiIzMzEzNDFlIn0%3D\">\n\t\t\t\t\t<div class=\"e-gallery-image elementor-gallery-item__image\" data-thumbnail=\"https:\/\/deutsch-ukrainisches-zentrum-rostock.de\/wp-content\/uploads\/2025\/12\/\u0442\u0440\u0430\u0432\u0435\u043d\u044c.png\" data-width=\"599\" data-height=\"858\" aria-label=\"Ank\u00fcndigung Mai\" role=\"img\" ><\/div>\n\t\t\t\t\t\t\t\t\t\t\t\t\t\t<\/a>\n\t\t\t\t\t<\/div>\n\t\t\t\t\t<\/div>\n\t\t\t\t<\/div>\n\t\t\t\t\t<\/div>\n\t\t\t\t<\/div>\n\t\t<div class=\"elementor-element elementor-element-1217248 e-flex e-con-boxed e-con e-parent\" data-id=\"1217248\" data-element_type=\"container\">\n\t\t\t\t\t<div class=\"e-con-inner\">\n\t\t\t\t<div class=\"elementor-element elementor-element-aa4607b elementor-widget elementor-widget-gallery\" data-id=\"aa4607b\" data-element_type=\"widget\" data-settings=\"{&quot;gallery_layout&quot;:&quot;justified&quot;,&quot;ideal_row_height&quot;:{&quot;unit&quot;:&quot;px&quot;,&quot;size&quot;:123,&quot;sizes&quot;:[]},&quot;gap&quot;:{&quot;unit&quot;:&quot;px&quot;,&quot;size&quot;:34,&quot;sizes&quot;:[]},&quot;lazyload&quot;:&quot;yes&quot;,&quot;ideal_row_height_tablet&quot;:{&quot;unit&quot;:&quot;px&quot;,&quot;size&quot;:150,&quot;sizes&quot;:[]},&quot;ideal_row_height_mobile&quot;:{&quot;unit&quot;:&quot;px&quot;,&quot;size&quot;:150,&quot;sizes&quot;:[]},&quot;gap_tablet&quot;:{&quot;unit&quot;:&quot;px&quot;,&quot;size&quot;:10,&quot;sizes&quot;:[]},&quot;gap_mobile&quot;:{&quot;unit&quot;:&quot;px&quot;,&quot;size&quot;:10,&quot;sizes&quot;:[]},&quot;overlay_background&quot;:&quot;yes&quot;}\" data-widget_type=\"gallery.default\">\n\t\t\t\t<div class=\"elementor-widget-container\">\n\t\t\t\t\t\t\t<div class=\"elementor-gallery__container\">\n\t\t\t\t\t\t\t<div class=\"e-gallery-item elementor-gallery-item\">\n\t\t\t\t\t<div class=\"e-gallery-image elementor-gallery-item__image\" data-thumbnail=\"https:\/\/deutsch-ukrainisches-zentrum-rostock.de\/wp-content\/uploads\/2024\/02\/Logo-Lagus-MV-Regierung.png\" data-width=\"1178\" data-height=\"594\" aria-label=\"\" role=\"img\" ><\/div>\n\t\t\t\t\t\t\t\t\t\t\t<div class=\"elementor-gallery-item__overlay\"><\/div>\n\t\t\t\t\t\t\t\t\t\t\t\t\t\t<\/div>\n\t\t\t\t\t\t\t<div class=\"e-gallery-item elementor-gallery-item\">\n\t\t\t\t\t<div class=\"e-gallery-image elementor-gallery-item__image\" data-thumbnail=\"https:\/\/deutsch-ukrainisches-zentrum-rostock.de\/wp-content\/uploads\/2025\/02\/EU-logo.png\" data-width=\"4247\" data-height=\"891\" aria-label=\"\" role=\"img\" ><\/div>\n\t\t\t\t\t\t\t\t\t\t\t<div class=\"elementor-gallery-item__overlay\"><\/div>\n\t\t\t\t\t\t\t\t\t\t\t\t\t\t<\/div>\n\t\t\t\t\t\t\t<div class=\"e-gallery-item elementor-gallery-item\">\n\t\t\t\t\t<div class=\"e-gallery-image elementor-gallery-item__image\" data-thumbnail=\"https:\/\/deutsch-ukrainisches-zentrum-rostock.de\/wp-content\/uploads\/2024\/02\/Logo_DUZ_DE_violet.jpeg\" data-width=\"1561\" data-height=\"1560\" aria-label=\"Das Logo des Deutsch-Ukrainischen Zentrums in Rostock zeigt sich in den Farben blau und gelb f\u00fcr die Ukraine und rot und schwarz f\u00fcr Deutschland.\" role=\"img\" ><\/div>\n\t\t\t\t\t\t\t\t\t\t\t<div class=\"elementor-gallery-item__overlay\"><\/div>\n\t\t\t\t\t\t\t\t\t\t\t\t\t\t<\/div>\n\t\t\t\t\t<\/div>\n\t\t\t\t\t<\/div>\n\t\t\t\t<\/div>\n\t\t\t\t\t<\/div>\n\t\t\t\t<\/div>\n\t\t\t\t<\/div>","protected":false},"excerpt":{"rendered":"<p>Das Deutsch-Ukrainische Zentrum Rostock startet ein neues Projekt \u201eRazomZrostaty \/ ZusammenWachsen\u201c. \ud83c\udf3f Wir laden Sie herzlich zu einer offenen Gruppe ein \u2013 einem sicheren Raum f\u00fcr Austausch, Unterst\u00fctzung und Begegnungen.Gemeinsam sprechen wir \u00fcber wichtige Lebensthemen, nehmen an kulturellen und Freizeitaktivit\u00e4ten teil und st\u00e4rken unser Gemeinschaftsgef\u00fchl. Die Gruppe hilft, Stress abzubauen, neue Perspektiven zu finden und [&hellip;]<\/p>","protected":false},"author":3,"featured_media":49,"parent":0,"menu_order":0,"comment_status":"closed","ping_status":"closed","template":"","meta":{"footnotes":""},"class_list":["post-5336","page","type-page","status-publish","has-post-thumbnail","hentry"],"_links":{"self":[{"href":"https:\/\/deutsch-ukrainisches-zentrum-rostock.de\/uk\/wp-json\/wp\/v2\/pages\/5336","targetHints":{"allow":["GET"]}}],"collection":[{"href":"https:\/\/deutsch-ukrainisches-zentrum-rostock.de\/uk\/wp-json\/wp\/v2\/pages"}],"about":[{"href":"https:\/\/deutsch-ukrainisches-zentrum-rostock.de\/uk\/wp-json\/wp\/v2\/types\/page"}],"author":[{"embeddable":true,"href":"https:\/\/deutsch-ukrainisches-zentrum-rostock.de\/uk\/wp-json\/wp\/v2\/users\/3"}],"replies":[{"embeddable":true,"href":"https:\/\/deutsch-ukrainisches-zentrum-rostock.de\/uk\/wp-json\/wp\/v2\/comments?post=5336"}],"version-history":[{"count":0,"href":"https:\/\/deutsch-ukrainisches-zentrum-rostock.de\/uk\/wp-json\/wp\/v2\/pages\/5336\/revisions"}],"wp:featuredmedia":[{"embeddable":true,"href":"https:\/\/deutsch-ukrainisches-zentrum-rostock.de\/uk\/wp-json\/wp\/v2\/media\/49"}],"wp:attachment":[{"href":"https:\/\/deutsch-ukrainisches-zentrum-rostock.de\/uk\/wp-json\/wp\/v2\/media?parent=5336"}],"curies":[{"name":"wp","href":"https:\/\/api.w.org\/{rel}","templated":true}]}}