{"id":4703,"date":"2025-02-23T17:18:36","date_gmt":"2025-02-23T16:18:36","guid":{"rendered":"https:\/\/deutsch-ukrainisches-zentrum-rostock.de\/?page_id=4703"},"modified":"2025-02-23T17:47:18","modified_gmt":"2025-02-23T16:47:18","slug":"gemeinsam-ankommenund-ein-neues-miteinander-erleben","status":"publish","type":"page","link":"https:\/\/deutsch-ukrainisches-zentrum-rostock.de\/uk\/gemeinsam-ankommenund-ein-neues-miteinander-erleben\/","title":{"rendered":"Gemeinsam ankommenund ein neues Miteinander erleben"},"content":{"rendered":"<div data-elementor-type=\"wp-page\" data-elementor-id=\"4703\" class=\"elementor elementor-4703\" data-elementor-post-type=\"page\">\n\t\t\t\t<div class=\"elementor-element elementor-element-a3bfda4 e-flex e-con-boxed e-con e-parent\" data-id=\"a3bfda4\" data-element_type=\"container\">\n\t\t\t\t\t<div class=\"e-con-inner\">\n\t\t\t\t<div class=\"elementor-element elementor-element-46395d0 elementor-widget elementor-widget-heading\" data-id=\"46395d0\" data-element_type=\"widget\" data-widget_type=\"heading.default\">\n\t\t\t\t<div class=\"elementor-widget-container\">\n\t\t\t\t\t<h2 class=\"elementor-heading-title elementor-size-default\">Veranstaltungsreihe: \"Gemeinsam ankommen und ein neues Miteinander erleben\"<\/h2>\t\t\t\t<\/div>\n\t\t\t\t<\/div>\n\t\t\t\t<div class=\"elementor-element elementor-element-282732d elementor-widget elementor-widget-text-editor\" data-id=\"282732d\" data-element_type=\"widget\" data-widget_type=\"text-editor.default\">\n\t\t\t\t<div class=\"elementor-widget-container\">\n\t\t\t\t\t\t\t\t\t<p>Willkommen in unserem neuen Projekt, das auf dem Erfolg unseres vorherigen Projekts &#8222;Sprach(t)r\u00e4ume: zusammen lernen, gemeinsam erleben&#8220; aufbaut! Wir freuen uns, Ihnen <strong>&#8222;Gemeinsam ankommen und ein neues Miteinander erleben&#8220;<\/strong> vorzustellen.<\/p>\t\t\t\t\t\t\t\t<\/div>\n\t\t\t\t<\/div>\n\t\t<div class=\"elementor-element elementor-element-9c3b1da e-con-full e-flex e-con e-child\" data-id=\"9c3b1da\" data-element_type=\"container\" data-settings=\"{&quot;background_background&quot;:&quot;classic&quot;}\">\n\t\t\t\t<div class=\"elementor-element elementor-element-21d1c85 elementor-widget elementor-widget-text-editor\" data-id=\"21d1c85\" data-element_type=\"widget\" data-widget_type=\"text-editor.default\">\n\t\t\t\t<div class=\"elementor-widget-container\">\n\t\t\t\t\t\t\t\t\t<p><strong>\u041a\u043e\u043b\u0438 \u0456 \u0434\u0435?<\/strong><\/p>\t\t\t\t\t\t\t\t<\/div>\n\t\t\t\t<\/div>\n\t\t\t\t<div class=\"elementor-element elementor-element-18abbaa elementor-widget elementor-widget-text-editor\" data-id=\"18abbaa\" data-element_type=\"widget\" data-widget_type=\"text-editor.default\">\n\t\t\t\t<div class=\"elementor-widget-container\">\n\t\t\t\t\t\t\t\t\t<p>Unsere Veranstaltungen finden regelm\u00e4\u00dfig an verschiedenen Orten in Rostock statt. Bleiben Sie auf dem Laufenden \u00fcber Termine und Veranstaltungsorte, indem Sie unsere Social-Media-Seiten und Website besuchen.<\/p>\t\t\t\t\t\t\t\t<\/div>\n\t\t\t\t<\/div>\n\t\t\t\t<\/div>\n\t\t\t\t<div class=\"elementor-element elementor-element-331341e elementor-widget elementor-widget-gallery\" data-id=\"331341e\" data-element_type=\"widget\" data-settings=\"{&quot;gallery_layout&quot;:&quot;justified&quot;,&quot;gap&quot;:{&quot;unit&quot;:&quot;px&quot;,&quot;size&quot;:9,&quot;sizes&quot;:[]},&quot;ideal_row_height&quot;:{&quot;unit&quot;:&quot;px&quot;,&quot;size&quot;:500,&quot;sizes&quot;:[]},&quot;lazyload&quot;:&quot;yes&quot;,&quot;ideal_row_height_tablet&quot;:{&quot;unit&quot;:&quot;px&quot;,&quot;size&quot;:150,&quot;sizes&quot;:[]},&quot;ideal_row_height_mobile&quot;:{&quot;unit&quot;:&quot;px&quot;,&quot;size&quot;:150,&quot;sizes&quot;:[]},&quot;gap_tablet&quot;:{&quot;unit&quot;:&quot;px&quot;,&quot;size&quot;:10,&quot;sizes&quot;:[]},&quot;gap_mobile&quot;:{&quot;unit&quot;:&quot;px&quot;,&quot;size&quot;:10,&quot;sizes&quot;:[]},&quot;link_to&quot;:&quot;file&quot;,&quot;content_hover_animation&quot;:&quot;fade-in&quot;}\" data-widget_type=\"gallery.default\">\n\t\t\t\t<div class=\"elementor-widget-container\">\n\t\t\t\t\t\t\t<div class=\"elementor-gallery__container\">\n\t\t\t\t\t\t\t<a class=\"e-gallery-item elementor-gallery-item elementor-animated-content\" href=\"https:\/\/deutsch-ukrainisches-zentrum-rostock.de\/wp-content\/uploads\/2025\/02\/Kleinproekt_July-scaled.jpg\" data-elementor-open-lightbox=\"yes\" data-elementor-lightbox-slideshow=\"331341e\" data-elementor-lightbox-title=\"Kleinproekt_July\" data-e-action-hash=\"#elementor-action%3Aaction%3Dlightbox%26settings%3DeyJpZCI6NDcxMCwidXJsIjoiaHR0cHM6XC9cL2RldXRzY2gtdWtyYWluaXNjaGVzLXplbnRydW0tcm9zdG9jay5kZVwvd3AtY29udGVudFwvdXBsb2Fkc1wvMjAyNVwvMDJcL0tsZWlucHJvZWt0X0p1bHktc2NhbGVkLmpwZyIsInNsaWRlc2hvdyI6IjMzMTM0MWUifQ%3D%3D\">\n\t\t\t\t\t<div class=\"e-gallery-image elementor-gallery-item__image\" data-thumbnail=\"https:\/\/deutsch-ukrainisches-zentrum-rostock.de\/wp-content\/uploads\/2025\/02\/Kleinproekt_July-scaled.jpg\" data-width=\"1811\" data-height=\"2560\" aria-label=\"\" role=\"img\" ><\/div>\n\t\t\t\t\t\t\t\t\t\t\t\t\t\t<\/a>\n\t\t\t\t\t\t\t<a class=\"e-gallery-item elementor-gallery-item elementor-animated-content\" href=\"https:\/\/deutsch-ukrainisches-zentrum-rostock.de\/wp-content\/uploads\/2025\/02\/Kleinproekt_August-scaled.jpg\" data-elementor-open-lightbox=\"yes\" data-elementor-lightbox-slideshow=\"331341e\" data-elementor-lightbox-title=\"Kleinproekt_August\" data-e-action-hash=\"#elementor-action%3Aaction%3Dlightbox%26settings%3DeyJpZCI6NDcwNywidXJsIjoiaHR0cHM6XC9cL2RldXRzY2gtdWtyYWluaXNjaGVzLXplbnRydW0tcm9zdG9jay5kZVwvd3AtY29udGVudFwvdXBsb2Fkc1wvMjAyNVwvMDJcL0tsZWlucHJvZWt0X0F1Z3VzdC1zY2FsZWQuanBnIiwic2xpZGVzaG93IjoiMzMxMzQxZSJ9\">\n\t\t\t\t\t<div class=\"e-gallery-image elementor-gallery-item__image\" data-thumbnail=\"https:\/\/deutsch-ukrainisches-zentrum-rostock.de\/wp-content\/uploads\/2025\/02\/Kleinproekt_August-scaled.jpg\" data-width=\"1811\" data-height=\"2560\" aria-label=\"\" role=\"img\" ><\/div>\n\t\t\t\t\t\t\t\t\t\t\t\t\t\t<\/a>\n\t\t\t\t\t\t\t<a class=\"e-gallery-item elementor-gallery-item elementor-animated-content\" href=\"https:\/\/deutsch-ukrainisches-zentrum-rostock.de\/wp-content\/uploads\/2025\/02\/Kleinproekt_September-scaled.jpg\" data-elementor-open-lightbox=\"yes\" data-elementor-lightbox-slideshow=\"331341e\" data-elementor-lightbox-title=\"Kleinproekt_September\" data-e-action-hash=\"#elementor-action%3Aaction%3Dlightbox%26settings%3DeyJpZCI6NDcxMywidXJsIjoiaHR0cHM6XC9cL2RldXRzY2gtdWtyYWluaXNjaGVzLXplbnRydW0tcm9zdG9jay5kZVwvd3AtY29udGVudFwvdXBsb2Fkc1wvMjAyNVwvMDJcL0tsZWlucHJvZWt0X1NlcHRlbWJlci1zY2FsZWQuanBnIiwic2xpZGVzaG93IjoiMzMxMzQxZSJ9\">\n\t\t\t\t\t<div class=\"e-gallery-image elementor-gallery-item__image\" data-thumbnail=\"https:\/\/deutsch-ukrainisches-zentrum-rostock.de\/wp-content\/uploads\/2025\/02\/Kleinproekt_September-scaled.jpg\" data-width=\"1811\" data-height=\"2560\" aria-label=\"\" role=\"img\" ><\/div>\n\t\t\t\t\t\t\t\t\t\t\t\t\t\t<\/a>\n\t\t\t\t\t\t\t<a class=\"e-gallery-item elementor-gallery-item elementor-animated-content\" href=\"https:\/\/deutsch-ukrainisches-zentrum-rostock.de\/wp-content\/uploads\/2025\/02\/Kleinproekt_Oktober-scaled.jpg\" data-elementor-open-lightbox=\"yes\" data-elementor-lightbox-slideshow=\"331341e\" data-elementor-lightbox-title=\"Kleinproekt_Oktober\" data-e-action-hash=\"#elementor-action%3Aaction%3Dlightbox%26settings%3DeyJpZCI6NDcxMiwidXJsIjoiaHR0cHM6XC9cL2RldXRzY2gtdWtyYWluaXNjaGVzLXplbnRydW0tcm9zdG9jay5kZVwvd3AtY29udGVudFwvdXBsb2Fkc1wvMjAyNVwvMDJcL0tsZWlucHJvZWt0X09rdG9iZXItc2NhbGVkLmpwZyIsInNsaWRlc2hvdyI6IjMzMTM0MWUifQ%3D%3D\">\n\t\t\t\t\t<div class=\"e-gallery-image elementor-gallery-item__image\" data-thumbnail=\"https:\/\/deutsch-ukrainisches-zentrum-rostock.de\/wp-content\/uploads\/2025\/02\/Kleinproekt_Oktober-scaled.jpg\" data-width=\"1811\" data-height=\"2560\" aria-label=\"\" role=\"img\" ><\/div>\n\t\t\t\t\t\t\t\t\t\t\t\t\t\t<\/a>\n\t\t\t\t\t\t\t<a class=\"e-gallery-item elementor-gallery-item elementor-animated-content\" href=\"https:\/\/deutsch-ukrainisches-zentrum-rostock.de\/wp-content\/uploads\/2025\/02\/Kleinproekt_November-scaled.jpg\" data-elementor-open-lightbox=\"yes\" data-elementor-lightbox-slideshow=\"331341e\" data-elementor-lightbox-title=\"Kleinproekt_November\" data-e-action-hash=\"#elementor-action%3Aaction%3Dlightbox%26settings%3DeyJpZCI6NDcxMSwidXJsIjoiaHR0cHM6XC9cL2RldXRzY2gtdWtyYWluaXNjaGVzLXplbnRydW0tcm9zdG9jay5kZVwvd3AtY29udGVudFwvdXBsb2Fkc1wvMjAyNVwvMDJcL0tsZWlucHJvZWt0X05vdmVtYmVyLXNjYWxlZC5qcGciLCJzbGlkZXNob3ciOiIzMzEzNDFlIn0%3D\">\n\t\t\t\t\t<div class=\"e-gallery-image elementor-gallery-item__image\" data-thumbnail=\"https:\/\/deutsch-ukrainisches-zentrum-rostock.de\/wp-content\/uploads\/2025\/02\/Kleinproekt_November-scaled.jpg\" data-width=\"1811\" data-height=\"2560\" aria-label=\"\" role=\"img\" ><\/div>\n\t\t\t\t\t\t\t\t\t\t\t\t\t\t<\/a>\n\t\t\t\t\t\t\t<a class=\"e-gallery-item elementor-gallery-item elementor-animated-content\" href=\"https:\/\/deutsch-ukrainisches-zentrum-rostock.de\/wp-content\/uploads\/2025\/02\/Kleinproekt_December-scaled.jpg\" data-elementor-open-lightbox=\"yes\" data-elementor-lightbox-slideshow=\"331341e\" data-elementor-lightbox-title=\"Kleinproekt_December\" data-e-action-hash=\"#elementor-action%3Aaction%3Dlightbox%26settings%3DeyJpZCI6NDcwOCwidXJsIjoiaHR0cHM6XC9cL2RldXRzY2gtdWtyYWluaXNjaGVzLXplbnRydW0tcm9zdG9jay5kZVwvd3AtY29udGVudFwvdXBsb2Fkc1wvMjAyNVwvMDJcL0tsZWlucHJvZWt0X0RlY2VtYmVyLXNjYWxlZC5qcGciLCJzbGlkZXNob3ciOiIzMzEzNDFlIn0%3D\">\n\t\t\t\t\t<div class=\"e-gallery-image elementor-gallery-item__image\" data-thumbnail=\"https:\/\/deutsch-ukrainisches-zentrum-rostock.de\/wp-content\/uploads\/2025\/02\/Kleinproekt_December-scaled.jpg\" data-width=\"1811\" data-height=\"2560\" aria-label=\"\" role=\"img\" ><\/div>\n\t\t\t\t\t\t\t\t\t\t\t\t\t\t<\/a>\n\t\t\t\t\t\t\t<a class=\"e-gallery-item elementor-gallery-item elementor-animated-content\" href=\"https:\/\/deutsch-ukrainisches-zentrum-rostock.de\/wp-content\/uploads\/2025\/02\/Kleinproekt_Januar-scaled.jpg\" data-elementor-open-lightbox=\"yes\" data-elementor-lightbox-slideshow=\"331341e\" data-elementor-lightbox-title=\"Kleinproekt_Januar\" data-e-action-hash=\"#elementor-action%3Aaction%3Dlightbox%26settings%3DeyJpZCI6NDcwOSwidXJsIjoiaHR0cHM6XC9cL2RldXRzY2gtdWtyYWluaXNjaGVzLXplbnRydW0tcm9zdG9jay5kZVwvd3AtY29udGVudFwvdXBsb2Fkc1wvMjAyNVwvMDJcL0tsZWlucHJvZWt0X0phbnVhci1zY2FsZWQuanBnIiwic2xpZGVzaG93IjoiMzMxMzQxZSJ9\">\n\t\t\t\t\t<div class=\"e-gallery-image elementor-gallery-item__image\" data-thumbnail=\"https:\/\/deutsch-ukrainisches-zentrum-rostock.de\/wp-content\/uploads\/2025\/02\/Kleinproekt_Januar-scaled.jpg\" data-width=\"1811\" data-height=\"2560\" aria-label=\"\" role=\"img\" ><\/div>\n\t\t\t\t\t\t\t\t\t\t\t\t\t\t<\/a>\n\t\t\t\t\t<\/div>\n\t\t\t\t\t<\/div>\n\t\t\t\t<\/div>\n\t\t\t\t\t<\/div>\n\t\t\t\t<\/div>\n\t\t<div class=\"elementor-element elementor-element-1217248 e-flex e-con-boxed e-con e-parent\" data-id=\"1217248\" data-element_type=\"container\">\n\t\t\t\t\t<div class=\"e-con-inner\">\n\t\t\t\t<div class=\"elementor-element elementor-element-c169c7f elementor-widget elementor-widget-text-editor\" data-id=\"c169c7f\" data-element_type=\"widget\" data-widget_type=\"text-editor.default\">\n\t\t\t\t<div class=\"elementor-widget-container\">\n\t\t\t\t\t\t\t\t\t<p>\u0413\u0440\u043e\u043c\u0430\u0434\u0441\u044c\u043a\u0438\u0439 \u043f\u0440\u043e\u0454\u043a\u0442: <a href=\"https:\/\/www.lagus.mv-regierung.de\/\">Landesamt f\u00fcr Gesundheit und Soziales<\/a>, <a href=\"https:\/\/european-union.europa.eu\/index_de\">Europ\u00e4ische Union<\/a>, Deutsch-Ukrainisches Zentrum Rostock.<\/p>\t\t\t\t\t\t\t\t<\/div>\n\t\t\t\t<\/div>\n\t\t\t\t<div class=\"elementor-element elementor-element-aa4607b elementor-widget elementor-widget-gallery\" data-id=\"aa4607b\" data-element_type=\"widget\" data-settings=\"{&quot;gallery_layout&quot;:&quot;justified&quot;,&quot;ideal_row_height&quot;:{&quot;unit&quot;:&quot;px&quot;,&quot;size&quot;:123,&quot;sizes&quot;:[]},&quot;gap&quot;:{&quot;unit&quot;:&quot;px&quot;,&quot;size&quot;:34,&quot;sizes&quot;:[]},&quot;lazyload&quot;:&quot;yes&quot;,&quot;ideal_row_height_tablet&quot;:{&quot;unit&quot;:&quot;px&quot;,&quot;size&quot;:150,&quot;sizes&quot;:[]},&quot;ideal_row_height_mobile&quot;:{&quot;unit&quot;:&quot;px&quot;,&quot;size&quot;:150,&quot;sizes&quot;:[]},&quot;gap_tablet&quot;:{&quot;unit&quot;:&quot;px&quot;,&quot;size&quot;:10,&quot;sizes&quot;:[]},&quot;gap_mobile&quot;:{&quot;unit&quot;:&quot;px&quot;,&quot;size&quot;:10,&quot;sizes&quot;:[]},&quot;overlay_background&quot;:&quot;yes&quot;}\" data-widget_type=\"gallery.default\">\n\t\t\t\t<div class=\"elementor-widget-container\">\n\t\t\t\t\t\t\t<div class=\"elementor-gallery__container\">\n\t\t\t\t\t\t\t<div class=\"e-gallery-item elementor-gallery-item\">\n\t\t\t\t\t<div class=\"e-gallery-image elementor-gallery-item__image\" data-thumbnail=\"https:\/\/deutsch-ukrainisches-zentrum-rostock.de\/wp-content\/uploads\/2024\/02\/Logo-Lagus-MV-Regierung.png\" data-width=\"1178\" data-height=\"594\" aria-label=\"\" role=\"img\" ><\/div>\n\t\t\t\t\t\t\t\t\t\t\t<div class=\"elementor-gallery-item__overlay\"><\/div>\n\t\t\t\t\t\t\t\t\t\t\t\t\t\t<\/div>\n\t\t\t\t\t\t\t<div class=\"e-gallery-item elementor-gallery-item\">\n\t\t\t\t\t<div class=\"e-gallery-image elementor-gallery-item__image\" data-thumbnail=\"https:\/\/deutsch-ukrainisches-zentrum-rostock.de\/wp-content\/uploads\/2025\/02\/EU-logo.png\" data-width=\"4247\" data-height=\"891\" aria-label=\"\" role=\"img\" ><\/div>\n\t\t\t\t\t\t\t\t\t\t\t<div class=\"elementor-gallery-item__overlay\"><\/div>\n\t\t\t\t\t\t\t\t\t\t\t\t\t\t<\/div>\n\t\t\t\t\t\t\t<div class=\"e-gallery-item elementor-gallery-item\">\n\t\t\t\t\t<div class=\"e-gallery-image elementor-gallery-item__image\" data-thumbnail=\"https:\/\/deutsch-ukrainisches-zentrum-rostock.de\/wp-content\/uploads\/2024\/02\/Logo_DUZ_DE_violet.jpeg\" data-width=\"1561\" data-height=\"1560\" aria-label=\"Das Logo des Deutsch-Ukrainischen Zentrums in Rostock zeigt sich in den Farben blau und gelb f\u00fcr die Ukraine und rot und schwarz f\u00fcr Deutschland.\" role=\"img\" ><\/div>\n\t\t\t\t\t\t\t\t\t\t\t<div class=\"elementor-gallery-item__overlay\"><\/div>\n\t\t\t\t\t\t\t\t\t\t\t\t\t\t<\/div>\n\t\t\t\t\t<\/div>\n\t\t\t\t\t<\/div>\n\t\t\t\t<\/div>\n\t\t\t\t\t<\/div>\n\t\t\t\t<\/div>\n\t\t\t\t<\/div>","protected":false},"excerpt":{"rendered":"<p>Veranstaltungsreihe: &#8222;Gemeinsam ankommen und ein neues Miteinander erleben&#8220; Willkommen in unserem neuen Projekt, das auf dem Erfolg unseres vorherigen Projekts &#8222;Sprach(t)r\u00e4ume: zusammen lernen, gemeinsam erleben&#8220; aufbaut! Wir freuen uns, Ihnen &#8222;Gemeinsam ankommen und ein neues Miteinander erleben&#8220; vorzustellen. Wann und wo? Unsere Veranstaltungen finden regelm\u00e4\u00dfig an verschiedenen Orten in Rostock statt. Bleiben Sie auf dem [&hellip;]<\/p>","protected":false},"author":3,"featured_media":0,"parent":0,"menu_order":0,"comment_status":"closed","ping_status":"closed","template":"","meta":{"footnotes":""},"class_list":["post-4703","page","type-page","status-publish","hentry"],"_links":{"self":[{"href":"https:\/\/deutsch-ukrainisches-zentrum-rostock.de\/uk\/wp-json\/wp\/v2\/pages\/4703","targetHints":{"allow":["GET"]}}],"collection":[{"href":"https:\/\/deutsch-ukrainisches-zentrum-rostock.de\/uk\/wp-json\/wp\/v2\/pages"}],"about":[{"href":"https:\/\/deutsch-ukrainisches-zentrum-rostock.de\/uk\/wp-json\/wp\/v2\/types\/page"}],"author":[{"embeddable":true,"href":"https:\/\/deutsch-ukrainisches-zentrum-rostock.de\/uk\/wp-json\/wp\/v2\/users\/3"}],"replies":[{"embeddable":true,"href":"https:\/\/deutsch-ukrainisches-zentrum-rostock.de\/uk\/wp-json\/wp\/v2\/comments?post=4703"}],"version-history":[{"count":0,"href":"https:\/\/deutsch-ukrainisches-zentrum-rostock.de\/uk\/wp-json\/wp\/v2\/pages\/4703\/revisions"}],"wp:attachment":[{"href":"https:\/\/deutsch-ukrainisches-zentrum-rostock.de\/uk\/wp-json\/wp\/v2\/media?parent=4703"}],"curies":[{"name":"wp","href":"https:\/\/api.w.org\/{rel}","templated":true}]}}