{"id":4177,"date":"2024-06-24T15:07:00","date_gmt":"2024-06-24T13:07:00","guid":{"rendered":"https:\/\/deutsch-ukrainisches-zentrum-rostock.de\/?page_id=4177"},"modified":"2024-07-09T02:22:16","modified_gmt":"2024-07-09T00:22:16","slug":"sprachtraeume-zusammen-lernen-gemeinsam-erleben","status":"publish","type":"page","link":"https:\/\/deutsch-ukrainisches-zentrum-rostock.de\/uk\/sprachtraeume-zusammen-lernen-gemeinsam-erleben\/","title":{"rendered":"Sprach(t)r\u00e4ume: zusammen lernen, gemeinsam erleben"},"content":{"rendered":"<div data-elementor-type=\"wp-page\" data-elementor-id=\"4177\" class=\"elementor elementor-4177\" data-elementor-post-type=\"page\">\n\t\t\t\t<div class=\"elementor-element elementor-element-a3bfda4 e-flex e-con-boxed e-con e-parent\" data-id=\"a3bfda4\" data-element_type=\"container\">\n\t\t\t\t\t<div class=\"e-con-inner\">\n\t\t\t\t<div class=\"elementor-element elementor-element-46395d0 elementor-widget elementor-widget-heading\" data-id=\"46395d0\" data-element_type=\"widget\" data-widget_type=\"heading.default\">\n\t\t\t\t<div class=\"elementor-widget-container\">\n\t\t\t\t\t<h2 class=\"elementor-heading-title elementor-size-small\">Veranstaltungsreihe \"Sprach(t)r\u00e4ume:<br>zusammen lernen, gemeinsam erleben\"<\/h2>\t\t\t\t<\/div>\n\t\t\t\t<\/div>\n\t\t\t\t<div class=\"elementor-element elementor-element-282732d elementor-widget elementor-widget-text-editor\" data-id=\"282732d\" data-element_type=\"widget\" data-widget_type=\"text-editor.default\">\n\t\t\t\t<div class=\"elementor-widget-container\">\n\t\t\t\t\t\t\t\t\t<p>Willkommen in unserem neuen Projekt, das auf dem Erfolg unseres vorherigen Projekts &#8222;Drei Komponenten Model der Gesundheit der Frau&#8220; aufbaut! Wir freuen uns, Ihnen <strong>&#8222;Sprach(t)r\u00e4ume: zusammen lernen, gemeinsam erleben&#8220;<\/strong> vorzustellen.<\/p><p><strong><span style=\"color: var( --e-global-color-text ); font-family: var( --e-global-typography-text-font-family ), Sans-serif; font-size: var( --e-global-typography-text-font-size ); letter-spacing: var( --e-global-typography-text-letter-spacing ); text-align: var(--text-align);\">Was erwartet euch?<\/span><\/strong><\/p><ul><li>Inspirierende Vortr\u00e4ge zu sozialen, gesellschaftlichen, kulturellen und sprachlichen Themen<\/li><\/ul><ul><li>Psychotherapeutische Hilfe f\u00fcr unsere engagierten Volont\u00e4re, die Unterst\u00fctzung und Anleitung ben\u00f6tigen<\/li><\/ul><ul><li>Kulturelle Events wie einen Chor f\u00fcr alle, die gerne singen<\/li><li>Ein gem\u00fctliches &#8222;Sprachcaf\u00e9&#8220; mit einer Sprachk\u00fcche, um Deutsch in lockerer Atmosph\u00e4re zu \u00fcben und Alltagssituationen zu besprechen<\/li><\/ul>\t\t\t\t\t\t\t\t<\/div>\n\t\t\t\t<\/div>\n\t\t<div class=\"elementor-element elementor-element-9c3b1da e-con-full e-flex e-con e-child\" data-id=\"9c3b1da\" data-element_type=\"container\" data-settings=\"{&quot;background_background&quot;:&quot;classic&quot;}\">\n\t\t\t\t<div class=\"elementor-element elementor-element-21d1c85 elementor-widget elementor-widget-text-editor\" data-id=\"21d1c85\" data-element_type=\"widget\" data-widget_type=\"text-editor.default\">\n\t\t\t\t<div class=\"elementor-widget-container\">\n\t\t\t\t\t\t\t\t\t<p><strong>\u041a\u043e\u043b\u0438 \u0456 \u0434\u0435?<\/strong><\/p>\t\t\t\t\t\t\t\t<\/div>\n\t\t\t\t<\/div>\n\t\t\t\t<div class=\"elementor-element elementor-element-18abbaa elementor-widget elementor-widget-text-editor\" data-id=\"18abbaa\" data-element_type=\"widget\" data-widget_type=\"text-editor.default\">\n\t\t\t\t<div class=\"elementor-widget-container\">\n\t\t\t\t\t\t\t\t\t<p>Unsere Veranstaltungen finden regelm\u00e4\u00dfig an verschiedenen Orten in Rostock statt. Bleiben Sie auf dem Laufenden \u00fcber Termine und Veranstaltungsorte, indem Sie unsere Social-Media-Seiten und Website besuchen.<\/p>\t\t\t\t\t\t\t\t<\/div>\n\t\t\t\t<\/div>\n\t\t\t\t<\/div>\n\t\t\t\t<div class=\"elementor-element elementor-element-23f8d85 elementor-widget elementor-widget-text-editor\" data-id=\"23f8d85\" data-element_type=\"widget\" data-widget_type=\"text-editor.default\">\n\t\t\t\t<div class=\"elementor-widget-container\">\n\t\t\t\t\t\t\t\t\t<div><ul style=\"background-color: #ffffff;\"><li><p><span style=\"font-weight: bolder;\">Psychotherapeutische Hilfe f\u00fcr unsere engagierten Volont\u00e4re, die Unterst\u00fctzung und Anleitung ben\u00f6tigen<\/span><\/p><\/li><\/ul><p><span style=\"background-color: transparent; color: var( --e-global-color-text ); font-family: var( --e-global-typography-text-font-family ), Sans-serif; font-weight: var( --e-global-typography-text-font-weight ); letter-spacing: var( --e-global-typography-text-letter-spacing ); text-align: var(--text-align);\">\u00a0 \u00a0 \u00a0 \u00a0 \u00a0 \u00a0 \u00a0 \u00a0 18.06.2024 um 17:00<\/span><\/p><p>\u00a0 \u00a0 \u00a0 \u00a0 \u00a0 \u00a0 \u00a0 \u00a0 25.06.2024 um 17:00<\/p><p>\u00a0 \u00a0 \u00a0 \u00a0 \u00a0 \u00a0 \u00a0 \u00a0 02.07.2024 um 17:00<\/p><div>\u00a0 \u00a0 \u00a0 \u00a0 \u00a0 \u00a0 \u00a0 \u00a0 09.07.2024 um 17:00<\/div><div>\u00a0<\/div><div><strong>\u00a0 \u00a0 \u00a0 \u00a0 \u00a0 unter der Adresse: Aleksis-Kiwi-Str. 1<\/strong><strong>3<\/strong><strong>, 18106<\/strong><strong> Rostock<\/strong><\/div><\/div><div><p>\u00a0<\/p><\/div><div><ul><li><p><strong>Kulturelle Events wie einen Chor f\u00fcr alle, die gerne singen<\/strong><\/p><\/li><\/ul><p>\u00a0 \u00a0 \u00a0 \u00a0 \u00a0 \u00a0 \u00a0 \u00a0 24.06.2024 um 17:00<\/p><p>\u00a0 \u00a0 \u00a0 \u00a0 \u00a0 \u00a0 \u00a0 \u00a0 01.07.2024 um 17:00<\/p><p>\u00a0 \u00a0 \u00a0 \u00a0 \u00a0 \u00a0 \u00a0 \u00a0 08.07.2024 um 17:00<\/p><p>\u00a0 \u00a0 \u00a0 \u00a0 \u00a0 \u00a0 \u00a0 \u00a0 15.07.2024 um 17:00<\/p><p><strong>\u00a0 \u00a0 \u00a0 \u00a0 \u00a0 unter der Adresse: Aleksis-Kiwi-Str. 1<\/strong><strong>3<\/strong><strong>, 18106<\/strong><strong> Rostock<\/strong><\/p><\/div><div>\u00a0<\/div><ul><li><p><strong>Ein gem\u00fctliches &#8222;Sprachcaf\u00e9&#8220; mit einer Sprachk\u00fcche, um Deutsch in lockerer Atmosph\u00e4re zu \u00fcben und Alltagssituationen zu besprechen<\/strong><\/p><\/li><\/ul><p>\u00a0 \u00a0 \u00a0 \u00a0 \u00a0 \u00a0 \u00a0 \u00a0 21.06.2024 um 17:00<\/p><p>\u00a0 \u00a0 \u00a0 \u00a0 \u00a0 \u00a0 \u00a0 \u00a0 28.06.2024 um 17:00<\/p><p>\u00a0 \u00a0 \u00a0 \u00a0 \u00a0 \u00a0 \u00a0 \u00a0 05.07.2024 um 17:00<\/p><p>\u00a0 \u00a0 \u00a0 \u00a0 \u00a0 \u00a0 \u00a0 \u00a0 19.07.2024 um 17:00<\/p><p><strong>\u00a0 \u00a0 \u00a0 \u00a0 \u00a0unter der Adresse: Aleksis-Kiwi-Str. <\/strong><strong>1<\/strong><strong>3<\/strong><strong>, 18106<\/strong><strong> Rostock<\/strong><\/p><p>\u00a0<\/p><ul><li><strong>Inspirierende Vortr\u00e4ge zu sozialen, gesellschaftlichen, kulturellen und sprachlichen Themen<\/strong><p>unter der Adresse: Aleksis-Kiwi-Str. 13, 18106 Rostock<\/p><\/li><\/ul>\t\t\t\t\t\t\t\t<\/div>\n\t\t\t\t<\/div>\n\t\t\t\t<div class=\"elementor-element elementor-element-331341e elementor-widget elementor-widget-gallery\" data-id=\"331341e\" data-element_type=\"widget\" data-settings=\"{&quot;gallery_layout&quot;:&quot;justified&quot;,&quot;gap&quot;:{&quot;unit&quot;:&quot;px&quot;,&quot;size&quot;:9,&quot;sizes&quot;:[]},&quot;ideal_row_height&quot;:{&quot;unit&quot;:&quot;px&quot;,&quot;size&quot;:500,&quot;sizes&quot;:[]},&quot;lazyload&quot;:&quot;yes&quot;,&quot;ideal_row_height_tablet&quot;:{&quot;unit&quot;:&quot;px&quot;,&quot;size&quot;:150,&quot;sizes&quot;:[]},&quot;ideal_row_height_mobile&quot;:{&quot;unit&quot;:&quot;px&quot;,&quot;size&quot;:150,&quot;sizes&quot;:[]},&quot;gap_tablet&quot;:{&quot;unit&quot;:&quot;px&quot;,&quot;size&quot;:10,&quot;sizes&quot;:[]},&quot;gap_mobile&quot;:{&quot;unit&quot;:&quot;px&quot;,&quot;size&quot;:10,&quot;sizes&quot;:[]},&quot;link_to&quot;:&quot;file&quot;,&quot;content_hover_animation&quot;:&quot;fade-in&quot;}\" data-widget_type=\"gallery.default\">\n\t\t\t\t<div class=\"elementor-widget-container\">\n\t\t\t\t\t\t\t<div class=\"elementor-gallery__container\">\n\t\t\t\t\t\t\t<a class=\"e-gallery-item elementor-gallery-item elementor-animated-content\" href=\"https:\/\/deutsch-ukrainisches-zentrum-rostock.de\/wp-content\/uploads\/2024\/06\/Sprachtraeume1.png\" data-elementor-open-lightbox=\"yes\" data-elementor-lightbox-slideshow=\"331341e\" data-elementor-lightbox-title=\"Sprachtraeume1\" data-e-action-hash=\"#elementor-action%3Aaction%3Dlightbox%26settings%3DeyJpZCI6NDE4OSwidXJsIjoiaHR0cHM6XC9cL2RldXRzY2gtdWtyYWluaXNjaGVzLXplbnRydW0tcm9zdG9jay5kZVwvd3AtY29udGVudFwvdXBsb2Fkc1wvMjAyNFwvMDZcL1NwcmFjaHRyYWV1bWUxLnBuZyIsInNsaWRlc2hvdyI6IjMzMTM0MWUifQ%3D%3D\">\n\t\t\t\t\t<div class=\"e-gallery-image elementor-gallery-item__image\" data-thumbnail=\"https:\/\/deutsch-ukrainisches-zentrum-rostock.de\/wp-content\/uploads\/2024\/06\/Sprachtraeume1.png\" data-width=\"644\" data-height=\"948\" aria-label=\"\" role=\"img\" ><\/div>\n\t\t\t\t\t\t\t\t\t\t\t\t\t\t<\/a>\n\t\t\t\t\t\t\t<a class=\"e-gallery-item elementor-gallery-item elementor-animated-content\" href=\"https:\/\/deutsch-ukrainisches-zentrum-rostock.de\/wp-content\/uploads\/2024\/06\/Sprachtraeume1.1.png\" data-elementor-open-lightbox=\"yes\" data-elementor-lightbox-slideshow=\"331341e\" data-elementor-lightbox-title=\"Sprachtraeume1.1\" data-e-action-hash=\"#elementor-action%3Aaction%3Dlightbox%26settings%3DeyJpZCI6NDE5MiwidXJsIjoiaHR0cHM6XC9cL2RldXRzY2gtdWtyYWluaXNjaGVzLXplbnRydW0tcm9zdG9jay5kZVwvd3AtY29udGVudFwvdXBsb2Fkc1wvMjAyNFwvMDZcL1NwcmFjaHRyYWV1bWUxLjEucG5nIiwic2xpZGVzaG93IjoiMzMxMzQxZSJ9\">\n\t\t\t\t\t<div class=\"e-gallery-image elementor-gallery-item__image\" data-thumbnail=\"https:\/\/deutsch-ukrainisches-zentrum-rostock.de\/wp-content\/uploads\/2024\/06\/Sprachtraeume1.1.png\" data-width=\"638\" data-height=\"908\" aria-label=\"\" role=\"img\" ><\/div>\n\t\t\t\t\t\t\t\t\t\t\t\t\t\t<\/a>\n\t\t\t\t\t\t\t<a class=\"e-gallery-item elementor-gallery-item elementor-animated-content\" href=\"https:\/\/deutsch-ukrainisches-zentrum-rostock.de\/wp-content\/uploads\/2024\/06\/Sprachtraeume2.png\" data-elementor-open-lightbox=\"yes\" data-elementor-lightbox-slideshow=\"331341e\" data-elementor-lightbox-title=\"Sprachtraeume2\" data-e-action-hash=\"#elementor-action%3Aaction%3Dlightbox%26settings%3DeyJpZCI6NDE5MSwidXJsIjoiaHR0cHM6XC9cL2RldXRzY2gtdWtyYWluaXNjaGVzLXplbnRydW0tcm9zdG9jay5kZVwvd3AtY29udGVudFwvdXBsb2Fkc1wvMjAyNFwvMDZcL1NwcmFjaHRyYWV1bWUyLnBuZyIsInNsaWRlc2hvdyI6IjMzMTM0MWUifQ%3D%3D\">\n\t\t\t\t\t<div class=\"e-gallery-image elementor-gallery-item__image\" data-thumbnail=\"https:\/\/deutsch-ukrainisches-zentrum-rostock.de\/wp-content\/uploads\/2024\/06\/Sprachtraeume2.png\" data-width=\"640\" data-height=\"907\" aria-label=\"\" role=\"img\" ><\/div>\n\t\t\t\t\t\t\t\t\t\t\t\t\t\t<\/a>\n\t\t\t\t\t\t\t<a class=\"e-gallery-item elementor-gallery-item elementor-animated-content\" href=\"https:\/\/deutsch-ukrainisches-zentrum-rostock.de\/wp-content\/uploads\/2024\/06\/Sprachtraeume3.png\" data-elementor-open-lightbox=\"yes\" data-elementor-lightbox-slideshow=\"331341e\" data-elementor-lightbox-title=\"Sprachtraeume3\" data-e-action-hash=\"#elementor-action%3Aaction%3Dlightbox%26settings%3DeyJpZCI6NDE5MywidXJsIjoiaHR0cHM6XC9cL2RldXRzY2gtdWtyYWluaXNjaGVzLXplbnRydW0tcm9zdG9jay5kZVwvd3AtY29udGVudFwvdXBsb2Fkc1wvMjAyNFwvMDZcL1NwcmFjaHRyYWV1bWUzLnBuZyIsInNsaWRlc2hvdyI6IjMzMTM0MWUifQ%3D%3D\">\n\t\t\t\t\t<div class=\"e-gallery-image elementor-gallery-item__image\" data-thumbnail=\"https:\/\/deutsch-ukrainisches-zentrum-rostock.de\/wp-content\/uploads\/2024\/06\/Sprachtraeume3.png\" data-width=\"638\" data-height=\"904\" aria-label=\"\" role=\"img\" ><\/div>\n\t\t\t\t\t\t\t\t\t\t\t\t\t\t<\/a>\n\t\t\t\t\t\t\t<a class=\"e-gallery-item elementor-gallery-item elementor-animated-content\" href=\"https:\/\/deutsch-ukrainisches-zentrum-rostock.de\/wp-content\/uploads\/2024\/06\/Sprachtraeume4.png\" data-elementor-open-lightbox=\"yes\" data-elementor-lightbox-slideshow=\"331341e\" data-elementor-lightbox-title=\"Sprachtraeume4\" data-e-action-hash=\"#elementor-action%3Aaction%3Dlightbox%26settings%3DeyJpZCI6NDE5NCwidXJsIjoiaHR0cHM6XC9cL2RldXRzY2gtdWtyYWluaXNjaGVzLXplbnRydW0tcm9zdG9jay5kZVwvd3AtY29udGVudFwvdXBsb2Fkc1wvMjAyNFwvMDZcL1NwcmFjaHRyYWV1bWU0LnBuZyIsInNsaWRlc2hvdyI6IjMzMTM0MWUifQ%3D%3D\">\n\t\t\t\t\t<div class=\"e-gallery-image elementor-gallery-item__image\" data-thumbnail=\"https:\/\/deutsch-ukrainisches-zentrum-rostock.de\/wp-content\/uploads\/2024\/06\/Sprachtraeume4.png\" data-width=\"639\" data-height=\"905\" aria-label=\"\" role=\"img\" ><\/div>\n\t\t\t\t\t\t\t\t\t\t\t\t\t\t<\/a>\n\t\t\t\t\t\t\t<a class=\"e-gallery-item elementor-gallery-item elementor-animated-content\" href=\"https:\/\/deutsch-ukrainisches-zentrum-rostock.de\/wp-content\/uploads\/2024\/06\/Sprachtraeume5.png\" data-elementor-open-lightbox=\"yes\" data-elementor-lightbox-slideshow=\"331341e\" data-elementor-lightbox-title=\"Sprachtraeume5\" data-e-action-hash=\"#elementor-action%3Aaction%3Dlightbox%26settings%3DeyJpZCI6NDE5NSwidXJsIjoiaHR0cHM6XC9cL2RldXRzY2gtdWtyYWluaXNjaGVzLXplbnRydW0tcm9zdG9jay5kZVwvd3AtY29udGVudFwvdXBsb2Fkc1wvMjAyNFwvMDZcL1NwcmFjaHRyYWV1bWU1LnBuZyIsInNsaWRlc2hvdyI6IjMzMTM0MWUifQ%3D%3D\">\n\t\t\t\t\t<div class=\"e-gallery-image elementor-gallery-item__image\" data-thumbnail=\"https:\/\/deutsch-ukrainisches-zentrum-rostock.de\/wp-content\/uploads\/2024\/06\/Sprachtraeume5.png\" data-width=\"640\" data-height=\"908\" aria-label=\"\" role=\"img\" ><\/div>\n\t\t\t\t\t\t\t\t\t\t\t\t\t\t<\/a>\n\t\t\t\t\t<\/div>\n\t\t\t\t\t<\/div>\n\t\t\t\t<\/div>\n\t\t\t\t\t<\/div>\n\t\t\t\t<\/div>\n\t\t<div class=\"elementor-element elementor-element-1217248 e-flex e-con-boxed e-con e-parent\" data-id=\"1217248\" data-element_type=\"container\">\n\t\t\t\t\t<div class=\"e-con-inner\">\n\t\t\t\t<div class=\"elementor-element elementor-element-c169c7f elementor-widget elementor-widget-text-editor\" data-id=\"c169c7f\" data-element_type=\"widget\" data-widget_type=\"text-editor.default\">\n\t\t\t\t<div class=\"elementor-widget-container\">\n\t\t\t\t\t\t\t\t\t<p>\u0413\u0440\u043e\u043c\u0430\u0434\u0441\u044c\u043a\u0438\u0439 \u043f\u0440\u043e\u0454\u043a\u0442: <a href=\"https:\/\/rathaus.rostock.de\/de\/startseite\/249136\">Hanse- und Universit\u00e4tsstadt Rostock<\/a>, <a href=\"https:\/\/partnerschaft.buntstattbraun.de\/\">Partnerschaft f\u00fcr Demokratie Rostock<\/a>, <a href=\"https:\/\/buntstattbraun.de\/verein\/\">Verein &#8222;Bunt statt braun&#8220;<\/a>, Deutsch-Ukrainisches Zentrum Rostock.<\/p>\t\t\t\t\t\t\t\t<\/div>\n\t\t\t\t<\/div>\n\t\t\t\t<div class=\"elementor-element elementor-element-aa4607b elementor-widget elementor-widget-gallery\" data-id=\"aa4607b\" data-element_type=\"widget\" data-settings=\"{&quot;gallery_layout&quot;:&quot;justified&quot;,&quot;ideal_row_height&quot;:{&quot;unit&quot;:&quot;px&quot;,&quot;size&quot;:151,&quot;sizes&quot;:[]},&quot;gap&quot;:{&quot;unit&quot;:&quot;px&quot;,&quot;size&quot;:34,&quot;sizes&quot;:[]},&quot;lazyload&quot;:&quot;yes&quot;,&quot;ideal_row_height_tablet&quot;:{&quot;unit&quot;:&quot;px&quot;,&quot;size&quot;:150,&quot;sizes&quot;:[]},&quot;ideal_row_height_mobile&quot;:{&quot;unit&quot;:&quot;px&quot;,&quot;size&quot;:150,&quot;sizes&quot;:[]},&quot;gap_tablet&quot;:{&quot;unit&quot;:&quot;px&quot;,&quot;size&quot;:10,&quot;sizes&quot;:[]},&quot;gap_mobile&quot;:{&quot;unit&quot;:&quot;px&quot;,&quot;size&quot;:10,&quot;sizes&quot;:[]},&quot;overlay_background&quot;:&quot;yes&quot;}\" data-widget_type=\"gallery.default\">\n\t\t\t\t<div class=\"elementor-widget-container\">\n\t\t\t\t\t\t\t<div class=\"elementor-gallery__container\">\n\t\t\t\t\t\t\t<div class=\"e-gallery-item elementor-gallery-item\">\n\t\t\t\t\t<div class=\"e-gallery-image elementor-gallery-item__image\" data-thumbnail=\"https:\/\/deutsch-ukrainisches-zentrum-rostock.de\/wp-content\/uploads\/2023\/03\/Bunt-statt-braun-e1708728361346.jpg\" data-width=\"243\" data-height=\"148\" aria-label=\"\" role=\"img\" ><\/div>\n\t\t\t\t\t\t\t\t\t\t\t<div class=\"elementor-gallery-item__overlay\"><\/div>\n\t\t\t\t\t\t\t\t\t\t\t\t\t\t<\/div>\n\t\t\t\t\t\t\t<div class=\"e-gallery-item elementor-gallery-item\">\n\t\t\t\t\t<div class=\"e-gallery-image elementor-gallery-item__image\" data-thumbnail=\"https:\/\/deutsch-ukrainisches-zentrum-rostock.de\/wp-content\/uploads\/2023\/03\/Partnerschaft-fuer-Demokratie.jpg\" data-width=\"475\" data-height=\"215\" aria-label=\"\" role=\"img\" ><\/div>\n\t\t\t\t\t\t\t\t\t\t\t<div class=\"elementor-gallery-item__overlay\"><\/div>\n\t\t\t\t\t\t\t\t\t\t\t\t\t\t<\/div>\n\t\t\t\t\t\t\t<div class=\"e-gallery-item elementor-gallery-item\">\n\t\t\t\t\t<div class=\"e-gallery-image elementor-gallery-item__image\" data-thumbnail=\"https:\/\/deutsch-ukrainisches-zentrum-rostock.de\/wp-content\/uploads\/2023\/03\/HRO_Logo_CMYK_2017-e1708728412315.jpg\" data-width=\"519\" data-height=\"373\" aria-label=\"Das Logo des Hanse- und Universitetsstadt Rostock\" role=\"img\" ><\/div>\n\t\t\t\t\t\t\t\t\t\t\t<div class=\"elementor-gallery-item__overlay\"><\/div>\n\t\t\t\t\t\t\t\t\t\t\t\t\t\t<\/div>\n\t\t\t\t\t\t\t<div class=\"e-gallery-item elementor-gallery-item\">\n\t\t\t\t\t<div class=\"e-gallery-image elementor-gallery-item__image\" data-thumbnail=\"https:\/\/deutsch-ukrainisches-zentrum-rostock.de\/wp-content\/uploads\/2024\/02\/Logo_DUZ_DE_violet.jpeg\" data-width=\"1561\" data-height=\"1560\" aria-label=\"Das Logo des Deutsch-Ukrainischen Zentrums in Rostock zeigt sich in den Farben blau und gelb f\u00fcr die Ukraine und rot und schwarz f\u00fcr Deutschland.\" role=\"img\" ><\/div>\n\t\t\t\t\t\t\t\t\t\t\t<div class=\"elementor-gallery-item__overlay\"><\/div>\n\t\t\t\t\t\t\t\t\t\t\t\t\t\t<\/div>\n\t\t\t\t\t<\/div>\n\t\t\t\t\t<\/div>\n\t\t\t\t<\/div>\n\t\t\t\t\t<\/div>\n\t\t\t\t<\/div>\n\t\t\t\t<\/div>","protected":false},"excerpt":{"rendered":"<p>Veranstaltungsreihe &#8222;Sprach(t)r\u00e4ume:zusammen lernen, gemeinsam erleben&#8220; Willkommen in unserem neuen Projekt, das auf dem Erfolg unseres vorherigen Projekts &#8222;Drei Komponenten Model der Gesundheit der Frau&#8220; aufbaut! Wir freuen uns, Ihnen &#8222;Sprach(t)r\u00e4ume: zusammen lernen, gemeinsam erleben&#8220; vorzustellen. Was erwartet euch? Inspirierende Vortr\u00e4ge zu sozialen, gesellschaftlichen, kulturellen und sprachlichen Themen Psychotherapeutische Hilfe f\u00fcr unsere engagierten Volont\u00e4re, die Unterst\u00fctzung [&hellip;]<\/p>","protected":false},"author":3,"featured_media":4189,"parent":0,"menu_order":0,"comment_status":"closed","ping_status":"closed","template":"","meta":{"footnotes":""},"class_list":["post-4177","page","type-page","status-publish","has-post-thumbnail","hentry"],"_links":{"self":[{"href":"https:\/\/deutsch-ukrainisches-zentrum-rostock.de\/uk\/wp-json\/wp\/v2\/pages\/4177","targetHints":{"allow":["GET"]}}],"collection":[{"href":"https:\/\/deutsch-ukrainisches-zentrum-rostock.de\/uk\/wp-json\/wp\/v2\/pages"}],"about":[{"href":"https:\/\/deutsch-ukrainisches-zentrum-rostock.de\/uk\/wp-json\/wp\/v2\/types\/page"}],"author":[{"embeddable":true,"href":"https:\/\/deutsch-ukrainisches-zentrum-rostock.de\/uk\/wp-json\/wp\/v2\/users\/3"}],"replies":[{"embeddable":true,"href":"https:\/\/deutsch-ukrainisches-zentrum-rostock.de\/uk\/wp-json\/wp\/v2\/comments?post=4177"}],"version-history":[{"count":0,"href":"https:\/\/deutsch-ukrainisches-zentrum-rostock.de\/uk\/wp-json\/wp\/v2\/pages\/4177\/revisions"}],"wp:featuredmedia":[{"embeddable":true,"href":"https:\/\/deutsch-ukrainisches-zentrum-rostock.de\/uk\/wp-json\/wp\/v2\/media\/4189"}],"wp:attachment":[{"href":"https:\/\/deutsch-ukrainisches-zentrum-rostock.de\/uk\/wp-json\/wp\/v2\/media?parent=4177"}],"curies":[{"name":"wp","href":"https:\/\/api.w.org\/{rel}","templated":true}]}}