{"id":2499,"date":"2023-06-30T21:59:15","date_gmt":"2023-06-30T19:59:15","guid":{"rendered":"https:\/\/deutsch-ukrainisches-zentrum-rostock.de\/?page_id=2499"},"modified":"2024-03-20T05:07:48","modified_gmt":"2024-03-20T04:07:48","slug":"helfen","status":"publish","type":"page","link":"https:\/\/deutsch-ukrainisches-zentrum-rostock.de\/uk\/helfen\/","title":{"rendered":"\u0414\u041e\u041f\u041e\u041c\u041e\u0413\u0422\u0418"},"content":{"rendered":"<div data-elementor-type=\"wp-page\" data-elementor-id=\"2499\" class=\"elementor elementor-2499\" data-elementor-post-type=\"page\">\n\t\t\t\t<div class=\"elementor-element elementor-element-4c6c32c e-flex e-con-boxed e-con e-parent\" data-id=\"4c6c32c\" data-element_type=\"container\">\n\t\t\t\t\t<div class=\"e-con-inner\">\n\t\t\t\t<div class=\"elementor-element elementor-element-6dbb9f4 elementor-widget elementor-widget-heading\" data-id=\"6dbb9f4\" data-element_type=\"widget\" data-widget_type=\"heading.default\">\n\t\t\t\t<div class=\"elementor-widget-container\">\n\t\t\t\t\t<h1 class=\"elementor-heading-title elementor-size-default\">FAQ \u0434\u043b\u044f \u0431\u043b\u0430\u0433\u043e\u0434\u0456\u0439\u043d\u0438\u043a\u0456\u0432(-\u0446\u044c) \u0442\u0430 \u0434\u043e\u043d\u0430\u0442\u0435\u0440\u0456\u0432(-\u043e\u043a)<\/h1>\t\t\t\t<\/div>\n\t\t\t\t<\/div>\n\t\t\t\t\t<\/div>\n\t\t\t\t<\/div>\n\t\t<div class=\"elementor-element elementor-element-30fef9c e-flex e-con-boxed e-con e-parent\" data-id=\"30fef9c\" data-element_type=\"container\">\n\t\t\t\t\t<div class=\"e-con-inner\">\n\t\t\t\t<div class=\"elementor-element elementor-element-3e8ce1e elementor-widget elementor-widget-text-editor\" data-id=\"3e8ce1e\" data-element_type=\"widget\" data-widget_type=\"text-editor.default\">\n\t\t\t\t<div class=\"elementor-widget-container\">\n\t\t\t\t\t\t\t\t\t<p>\u0406\u043d\u0444\u043e\u0440\u043c\u0430\u0446\u0456\u044f \u043f\u0440\u043e \u043d\u0430\u0439\u0442\u0435\u0440\u043c\u0456\u043d\u043e\u0432\u0456\u0448\u0456 \u0440\u0435\u0447\u0456 \u0456 \u044f\u043a \u0412\u0438 \u043c\u043e\u0436\u0435\u0442\u0435 \u043f\u0456\u0434\u0442\u0440\u0438\u043c\u0430\u0442\u0438 \u043d\u0430\u0440\u043e\u0434 \u0423\u043a\u0440\u0430\u0457\u043d\u0438 \u0442\u0430 \u0431\u0456\u0436\u0435\u043d\u0446\u0456\u0432(-\u043e\u043a) \u0437 \u0423\u043a\u0440\u0430\u0457\u043d\u0438.<\/p>\t\t\t\t\t\t\t\t<\/div>\n\t\t\t\t<\/div>\n\t\t\t\t\t<\/div>\n\t\t\t\t<\/div>\n\t\t<div class=\"elementor-element elementor-element-7d98371 e-flex e-con-boxed e-con e-parent\" data-id=\"7d98371\" data-element_type=\"container\">\n\t\t\t\t\t<div class=\"e-con-inner\">\n\t\t\t\t<div class=\"elementor-element elementor-element-b0ed01e elementor-widget elementor-widget-heading\" data-id=\"b0ed01e\" data-element_type=\"widget\" data-widget_type=\"heading.default\">\n\t\t\t\t<div class=\"elementor-widget-container\">\n\t\t\t\t\t<h2 class=\"elementor-heading-title elementor-size-default\">\u041f\u043e\u0436\u0435\u0440\u0442\u0432\u0443\u0439\u0442\u0435 \u0433\u0440\u043e\u0448\u0456<\/h2>\t\t\t\t<\/div>\n\t\t\t\t<\/div>\n\t\t\t\t\t<\/div>\n\t\t\t\t<\/div>\n\t\t<div class=\"elementor-element elementor-element-fd64c55 e-flex e-con-boxed e-con e-parent\" data-id=\"fd64c55\" data-element_type=\"container\">\n\t\t\t\t\t<div class=\"e-con-inner\">\n\t\t\t\t<div class=\"elementor-element elementor-element-429179d elementor-widget elementor-widget-accordion\" data-id=\"429179d\" data-element_type=\"widget\" data-widget_type=\"accordion.default\">\n\t\t\t\t<div class=\"elementor-widget-container\">\n\t\t\t\t\t\t\t<div class=\"elementor-accordion\">\n\t\t\t\t\t\t\t<div class=\"elementor-accordion-item\">\n\t\t\t\t\t<div id=\"elementor-tab-title-6981\" class=\"elementor-tab-title\" data-tab=\"1\" role=\"button\" aria-controls=\"elementor-tab-content-6981\" aria-expanded=\"false\">\n\t\t\t\t\t\t\t\t\t\t\t\t\t<span class=\"elementor-accordion-icon elementor-accordion-icon-left\" aria-hidden=\"true\">\n\t\t\t\t\t\t\t\t\t\t\t\t\t\t\t<span class=\"elementor-accordion-icon-closed\"><svg class=\"e-font-icon-svg e-fas-plus\" viewbox=\"0 0 448 512\" xmlns=\"http:\/\/www.w3.org\/2000\/svg\"><path d=\"M416 208H272V64c0-17.67-14.33-32-32-32h-32c-17.67 0-32 14.33-32 32v144H32c-17.67 0-32 14.33-32 32v32c0 17.67 14.33 32 32 32h144v144c0 17.67 14.33 32 32 32h32c17.67 0 32-14.33 32-32V304h144c17.67 0 32-14.33 32-32v-32c0-17.67-14.33-32-32-32z\"><\/path><\/svg><\/span>\n\t\t\t\t\t\t\t\t<span class=\"elementor-accordion-icon-opened\"><svg class=\"e-font-icon-svg e-fas-minus\" viewbox=\"0 0 448 512\" xmlns=\"http:\/\/www.w3.org\/2000\/svg\"><path d=\"M416 208H32c-17.67 0-32 14.33-32 32v32c0 17.67 14.33 32 32 32h384c17.67 0 32-14.33 32-32v-32c0-17.67-14.33-32-32-32z\"><\/path><\/svg><\/span>\n\t\t\t\t\t\t\t\t\t\t\t\t\t\t<\/span>\n\t\t\t\t\t\t\t\t\t\t\t\t<a class=\"elementor-accordion-title\" tabindex=\"0\">\u042f\u043a \u044f \u043c\u043e\u0436\u0443 \u043d\u0430\u0434\u0456\u0441\u043b\u0430\u0442\u0438 \u0433\u0440\u043e\u0448\u0456?<\/a>\n\t\t\t\t\t<\/div>\n\t\t\t\t\t<div id=\"elementor-tab-content-6981\" class=\"elementor-tab-content elementor-clearfix\" data-tab=\"1\" role=\"region\" aria-labelledby=\"elementor-tab-title-6981\"><p><b>\u0420\u0430\u0445\u0443\u043d\u043e\u043a \u0434\u043b\u044f \u043f\u043e\u0436\u0435\u0440\u0442\u0432<\/b><\/p><p>Deutsch-Ukrainisches Zentrum Rostock e. V.<br \/>DE45 1305 0000 0201 1203 13<br \/>BIC: NOLADE21ROS<\/p><p class=\"translation-block\">\u0412\u0438 \u0442\u0430\u043a\u043e\u0436 \u043c\u043e\u0436\u0435\u0442\u0435 \u0437\u0440\u043e\u0431\u0438\u0442\u0438 \u043f\u043e\u0436\u0435\u0440\u0442\u0432\u0443 \u0447\u0435\u0440\u0435\u0437 <strong>PayPal<\/strong> \u043d\u0430: <a href=\"\/uk\/ukrzentrumhro2020@gmail.com\/\" target=\"_self\">ukrzentrumhro2020@gmail.com<\/a><\/p><\/div>\n\t\t\t\t<\/div>\n\t\t\t\t\t\t\t<div class=\"elementor-accordion-item\">\n\t\t\t\t\t<div id=\"elementor-tab-title-6982\" class=\"elementor-tab-title\" data-tab=\"2\" role=\"button\" aria-controls=\"elementor-tab-content-6982\" aria-expanded=\"false\">\n\t\t\t\t\t\t\t\t\t\t\t\t\t<span class=\"elementor-accordion-icon elementor-accordion-icon-left\" aria-hidden=\"true\">\n\t\t\t\t\t\t\t\t\t\t\t\t\t\t\t<span class=\"elementor-accordion-icon-closed\"><svg class=\"e-font-icon-svg e-fas-plus\" viewbox=\"0 0 448 512\" xmlns=\"http:\/\/www.w3.org\/2000\/svg\"><path d=\"M416 208H272V64c0-17.67-14.33-32-32-32h-32c-17.67 0-32 14.33-32 32v144H32c-17.67 0-32 14.33-32 32v32c0 17.67 14.33 32 32 32h144v144c0 17.67 14.33 32 32 32h32c17.67 0 32-14.33 32-32V304h144c17.67 0 32-14.33 32-32v-32c0-17.67-14.33-32-32-32z\"><\/path><\/svg><\/span>\n\t\t\t\t\t\t\t\t<span class=\"elementor-accordion-icon-opened\"><svg class=\"e-font-icon-svg e-fas-minus\" viewbox=\"0 0 448 512\" xmlns=\"http:\/\/www.w3.org\/2000\/svg\"><path d=\"M416 208H32c-17.67 0-32 14.33-32 32v32c0 17.67 14.33 32 32 32h384c17.67 0 32-14.33 32-32v-32c0-17.67-14.33-32-32-32z\"><\/path><\/svg><\/span>\n\t\t\t\t\t\t\t\t\t\t\t\t\t\t<\/span>\n\t\t\t\t\t\t\t\t\t\t\t\t<a class=\"elementor-accordion-title\" tabindex=\"0\">\u041d\u0430 \u0449\u043e \u044f \u043c\u043e\u0436\u0443 \u043d\u0430\u0434\u0456\u0441\u043b\u0430\u0442\u0438 \u0433\u0440\u043e\u0448\u0456?<\/a>\n\t\t\t\t\t<\/div>\n\t\t\t\t\t<div id=\"elementor-tab-content-6982\" class=\"elementor-tab-content elementor-clearfix\" data-tab=\"2\" role=\"region\" aria-labelledby=\"elementor-tab-title-6982\"><p>\u041c\u0438 \u0434\u0443\u0436\u0435 \u0434\u043e\u0431\u0440\u0435 \u0437\u0432\u2019\u044f\u0437\u0430\u043d\u0456 \u0437 \u043e\u0440\u0433\u0430\u043d\u0456\u0437\u0430\u0446\u0456\u044f\u043c\u0438, \u0449\u043e \u043d\u0430\u0434\u0430\u044e\u0442\u044c \u0434\u043e\u043f\u043e\u043c\u043e\u0433\u0443, \u0430\u0434\u043c\u0456\u043d\u0456\u0441\u0442\u0440\u0430\u0446\u0456\u044f\u043c\u0438 \u0442\u0430 \u043b\u0456\u043a\u0430\u0440\u043d\u044f\u043c\u0438 \u043d\u0430 \u043c\u0456\u0441\u0446\u0456. \u0423 \u0446\u0435\u043d\u0442\u0440\u0456 \u043d\u0430\u0448\u043e\u0457 \u0434\u043e\u043f\u043e\u043c\u043e\u0433\u0438 \u2014 \u043f\u0440\u0438\u0444\u0440\u043e\u043d\u0442\u043e\u0432\u0456 \u0440\u0435\u0433\u0456\u043e\u043d\u0438.<\/p><p>\u0417\u0430\u0432\u0434\u044f\u043a\u0438 \u043f\u0440\u044f\u043c\u043e\u043c\u0443 \u043a\u043e\u043d\u0442\u0430\u043a\u0442\u0443 \u0437 \u043c\u0456\u0441\u0446\u0435\u0432\u0438\u043c\u0438 \u0432\u043e\u043b\u043e\u043d\u0442\u0435\u0440(\u043a)\u0430\u043c\u0438 \u043d\u0430\u0448\u0430 \u0434\u043e\u043f\u043e\u043c\u043e\u0433\u0430 \u0434\u043e\u0441\u044f\u0433\u0430\u0454 \u0442\u0438\u0445, \u0445\u0442\u043e \u0457\u0457 \u043f\u043e\u0442\u0440\u0435\u0431\u0443\u044e\u0442\u044c. \u041c\u0438 \u0446\u0435 \u043f\u0435\u0440\u0435\u0432\u0456\u0440\u044f\u0454\u043c\u043e \u0442\u0430 \u043d\u0430\u0434\u0430\u0454\u043c\u043e \u0444\u043e\u0442\u043e\u0437\u0432\u0456\u0442\u0438 \u043f\u043e\u0441\u0442\u0456\u0439\u043d\u043e.<\/p><p>\u041c\u0438 \u0432\u0438\u043a\u043e\u0440\u0438\u0441\u0442\u043e\u0432\u0443\u0454\u043c\u043e \u0432\u0430\u0448\u0443 \u0433\u0440\u043e\u0448\u043e\u0432\u0443 \u043f\u0456\u0434\u0442\u0440\u0438\u043c\u043a\u0443 \u0434\u043b\u044f:<\/p><ul><li><strong>\u0406\u043d\u0444\u0440\u0430\u0441\u0442\u0440\u0443\u043a\u0442\u0443\u0440\u043d\u0456 \u043f\u0440\u043e\u0454\u043a\u0442\u0438<\/strong><br \/>\u0414\u0438\u0437\u0435\u043b\u044c\u043d\u0456 \u0433\u0435\u043d\u0435\u0440\u0430\u0442\u043e\u0440\u0438, Starlink, \u0441\u043e\u043d\u044f\u0447\u043d\u0456 \u0431\u0430\u0442\u0430\u0440\u0435\u0457 \u0434\u043b\u044f \u0435\u043b\u0435\u043a\u0442\u0440\u043e\u043f\u043e\u0441\u0442\u0430\u0447\u0430\u043d\u043d\u044f, \u0432\u043e\u0433\u043d\u0435\u0433\u0430\u0441\u043d\u0456 \u043a\u043e\u043d\u0442\u0435\u0439\u043d\u0435\u0440\u0438 \u0434\u043b\u044f \u043f\u0440\u043e\u0442\u0438\u043f\u043e\u0436\u0435\u0436\u043d\u043e\u0433\u043e \u0437\u0430\u0445\u0438\u0441\u0442\u0443, \u041f\u041a \u0434\u043b\u044f \u0448\u043a\u0456\u043b \u0442\u0430 \u0430\u0434\u043c\u0456\u043d\u0456\u0441\u0442\u0440\u0430\u0446\u0456\u0439<\/li><li><strong>\u041b\u0456\u043a\u0438<\/strong><br \/>\u0420\u044f\u0442\u0443\u0432\u0430\u043b\u044c\u043d\u0456 \u0437\u0430\u0441\u043e\u0431\u0438, \u0442\u0430\u043a\u0456 \u044f\u043a \u0434\u0436\u0433\u0443\u0442\u0438 \u0442\u0430 \u0430\u043f\u0442\u0435\u0447\u043a\u0438, \u043a\u0440\u043e\u0432\u043e\u0437\u0430\u043c\u0456\u043d\u043d\u0438\u043a\u0438, \u0437\u0430\u043f\u0430\u0441\u0438 \u043b\u0456\u043a\u0456\u0432 \u0437\u0456 \u0441\u043f\u0438\u0441\u043a\u0456\u0432 \u043b\u0456\u043a\u0430\u0440\u0435\u043d\u044c, \u0440\u0435\u0430\u0431\u0456\u043b\u0456\u0442\u0430\u0446\u0456\u0439\u043d\u0435 \u043e\u0431\u043b\u0430\u0434\u043d\u0430\u043d\u043d\u044f, \u0442\u0435\u0440\u0430\u043f\u0435\u0432\u0442\u0438\u0447\u043d\u0435 \u043e\u0431\u043b\u0430\u0434\u043d\u0430\u043d\u043d\u044f \u0434\u043b\u044f \u0434\u0438\u0442\u044f\u0447\u0438\u0445 \u043b\u0456\u043a\u0430\u0440\u0435\u043d\u044c<\/li><li><strong>\u041f\u0456\u0434\u0442\u0440\u0438\u043c\u043a\u0430 \u0434\u0456\u0442\u0435\u0439 \u0442\u0430 \u0431\u0456\u0436\u0435\u043d\u0446\u0456\u0432(-\u043e\u043a) \u0432 \u0423\u043a\u0440\u0430\u0457\u043d\u0456<\/strong><br \/>\u041e\u043f\u043b\u0430\u0442\u0430 \u043f\u0440\u043e\u0436\u0438\u0432\u0430\u043d\u043d\u044f \u0442\u0430 \u0445\u0430\u0440\u0447\u0443\u0432\u0430\u043d\u043d\u044f, \u043e\u043f\u0442\u043e\u0432\u0430 \u0437\u0430\u043a\u0443\u043f\u0456\u0432\u043b\u044f \u043f\u0440\u043e\u0434\u0443\u043a\u0442\u0456\u0432, \u043f\u0440\u0435\u0434\u043c\u0435\u0442\u0456\u0432 \u0433\u0456\u0433\u0456\u0454\u043d\u0438<\/li><\/ul><\/div>\n\t\t\t\t<\/div>\n\t\t\t\t\t\t\t<div class=\"elementor-accordion-item\">\n\t\t\t\t\t<div id=\"elementor-tab-title-6983\" class=\"elementor-tab-title\" data-tab=\"3\" role=\"button\" aria-controls=\"elementor-tab-content-6983\" aria-expanded=\"false\">\n\t\t\t\t\t\t\t\t\t\t\t\t\t<span class=\"elementor-accordion-icon elementor-accordion-icon-left\" aria-hidden=\"true\">\n\t\t\t\t\t\t\t\t\t\t\t\t\t\t\t<span class=\"elementor-accordion-icon-closed\"><svg class=\"e-font-icon-svg e-fas-plus\" viewbox=\"0 0 448 512\" xmlns=\"http:\/\/www.w3.org\/2000\/svg\"><path d=\"M416 208H272V64c0-17.67-14.33-32-32-32h-32c-17.67 0-32 14.33-32 32v144H32c-17.67 0-32 14.33-32 32v32c0 17.67 14.33 32 32 32h144v144c0 17.67 14.33 32 32 32h32c17.67 0 32-14.33 32-32V304h144c17.67 0 32-14.33 32-32v-32c0-17.67-14.33-32-32-32z\"><\/path><\/svg><\/span>\n\t\t\t\t\t\t\t\t<span class=\"elementor-accordion-icon-opened\"><svg class=\"e-font-icon-svg e-fas-minus\" viewbox=\"0 0 448 512\" xmlns=\"http:\/\/www.w3.org\/2000\/svg\"><path d=\"M416 208H32c-17.67 0-32 14.33-32 32v32c0 17.67 14.33 32 32 32h384c17.67 0 32-14.33 32-32v-32c0-17.67-14.33-32-32-32z\"><\/path><\/svg><\/span>\n\t\t\t\t\t\t\t\t\t\t\t\t\t\t<\/span>\n\t\t\t\t\t\t\t\t\t\t\t\t<a class=\"elementor-accordion-title\" tabindex=\"0\">\u042f\u043a \u043e\u0442\u0440\u0438\u043c\u0430\u0442\u0438 \u043a\u0432\u0438\u0442\u0430\u043d\u0446\u0456\u044e \u043f\u0440\u043e \u043f\u043e\u0436\u0435\u0440\u0442\u0432\u0443?<\/a>\n\t\t\t\t\t<\/div>\n\t\t\t\t\t<div id=\"elementor-tab-content-6983\" class=\"elementor-tab-content elementor-clearfix\" data-tab=\"3\" role=\"region\" aria-labelledby=\"elementor-tab-title-6983\"><p>\u041c\u0438 \u0431\u0443\u0434\u0435\u043c\u043e \u0440\u0430\u0434\u0456 \u0432\u0438\u0434\u0430\u0442\u0438 \u0412\u0430\u043c \u043a\u0432\u0438\u0442\u0430\u043d\u0446\u0456\u044e \u043f\u0440\u043e \u043f\u043e\u0436\u0435\u0440\u0442\u0432\u0443. \u0414\u043b\u044f \u0446\u044c\u043e\u0433\u043e \u043d\u0430\u043c \u043f\u043e\u0442\u0440\u0456\u0431\u043d\u0430 \u0442\u0430\u043a\u0430 \u0456\u043d\u0444\u043e\u0440\u043c\u0430\u0446\u0456\u044f \u0432\u0456\u0434 \u0412\u0430\u0441 \u043d\u0430 \u0446\u044e \u0435\u043b\u0435\u043a\u0442\u0440\u043e\u043d\u043d\u0443 \u0430\u0434\u0440\u0435\u0441\u0443:<br \/><a href=\"mailto:ukrzentrumhro2020@outlook.com\">ukrzentrumhro2020@outlook.com<\/a><\/p><ul><li>\u041f\u0440\u0456\u0437\u0432\u0438\u0449\u0435 \u0442\u0430 \u0456\u043c'\u044f \u0431\u043b\u0430\u0433\u043e\u0434\u0456\u0439\u043d\u0438\u043a\u0430 \/ \u0431\u043b\u0430\u0433\u043e\u0434\u0456\u0439\u043d\u0438\u0446\u0456<\/li><li>\u0410\u0434\u0440\u0435\u0441\u0430<\/li><li>\u0421\u0443\u043c\u0430 \u0442\u0430 \u0434\u0430\u0442\u0430 \u043f\u043e\u0436\u0435\u0440\u0442\u0432\u0438<\/li><\/ul><p><strong>\u0412\u0430\u0436\u043b\u0438\u0432\u0430 \u043f\u0440\u0438\u043c\u0456\u0442\u043a\u0430: \u0434\u043b\u044f \u043f\u043e\u0436\u0435\u0440\u0442\u0432 \u043d\u0430 \u0441\u0443\u043c\u0443 \u0434\u043e 200 \u0454\u0432\u0440\u043e \u0432\u0438\u043f\u0438\u0441\u043a\u0430 \u0437 \u0440\u0430\u0445\u0443\u043d\u043a\u0443 \u0454 \u0434\u043e\u0441\u0442\u0430\u0442\u043d\u044c\u043e\u044e \u0434\u043e\u043a\u0430\u0437\u043e\u043c \u0434\u043b\u044f \u043f\u043e\u0434\u0430\u0442\u043a\u043e\u0432\u043e\u0457 \u0434\u0435\u043a\u043b\u0430\u0440\u0430\u0446\u0456\u0457.<\/strong><\/p><\/div>\n\t\t\t\t<\/div>\n\t\t\t\t\t\t\t<div class=\"elementor-accordion-item\">\n\t\t\t\t\t<div id=\"elementor-tab-title-6984\" class=\"elementor-tab-title\" data-tab=\"4\" role=\"button\" aria-controls=\"elementor-tab-content-6984\" aria-expanded=\"false\">\n\t\t\t\t\t\t\t\t\t\t\t\t\t<span class=\"elementor-accordion-icon elementor-accordion-icon-left\" aria-hidden=\"true\">\n\t\t\t\t\t\t\t\t\t\t\t\t\t\t\t<span class=\"elementor-accordion-icon-closed\"><svg class=\"e-font-icon-svg e-fas-plus\" viewbox=\"0 0 448 512\" xmlns=\"http:\/\/www.w3.org\/2000\/svg\"><path d=\"M416 208H272V64c0-17.67-14.33-32-32-32h-32c-17.67 0-32 14.33-32 32v144H32c-17.67 0-32 14.33-32 32v32c0 17.67 14.33 32 32 32h144v144c0 17.67 14.33 32 32 32h32c17.67 0 32-14.33 32-32V304h144c17.67 0 32-14.33 32-32v-32c0-17.67-14.33-32-32-32z\"><\/path><\/svg><\/span>\n\t\t\t\t\t\t\t\t<span class=\"elementor-accordion-icon-opened\"><svg class=\"e-font-icon-svg e-fas-minus\" viewbox=\"0 0 448 512\" xmlns=\"http:\/\/www.w3.org\/2000\/svg\"><path d=\"M416 208H32c-17.67 0-32 14.33-32 32v32c0 17.67 14.33 32 32 32h384c17.67 0 32-14.33 32-32v-32c0-17.67-14.33-32-32-32z\"><\/path><\/svg><\/span>\n\t\t\t\t\t\t\t\t\t\t\t\t\t\t<\/span>\n\t\t\t\t\t\t\t\t\t\t\t\t<a class=\"elementor-accordion-title\" tabindex=\"0\">\u041a\u0443\u0434\u0438 \u0441\u0430\u043c\u0435 \u0439\u0434\u0443\u0442\u044c \u043c\u043e\u0457 \u043f\u043e\u0436\u0435\u0440\u0442\u0432\u0438?<\/a>\n\t\t\t\t\t<\/div>\n\t\t\t\t\t<div id=\"elementor-tab-content-6984\" class=\"elementor-tab-content elementor-clearfix\" data-tab=\"4\" role=\"region\" aria-labelledby=\"elementor-tab-title-6984\"><p>\u0412\u0438 \u0442\u0430\u043a\u043e\u0436 \u043c\u043e\u0436\u0435\u0442\u0435 \u043f\u043e\u0431\u0430\u0447\u0438\u0442\u0438, \u0434\u0435 \u043c\u0438 \u0432\u0436\u0435 \u0437\u043c\u043e\u0433\u043b\u0438 \u0434\u043e\u043f\u043e\u043c\u043e\u0433\u0442\u0438 \u0437\u0430\u0432\u0434\u044f\u043a\u0438 \u0412\u0430\u0448\u0456\u0439 \u043f\u0456\u0434\u0442\u0440\u0438\u043c\u0446\u0456, \u0432 \u0446\u044c\u043e\u043c\u0443 <a href=\"https:\/\/deutsch-ukrainisches-zentrum-rostock.de\/uk\/fotogalerie\/\">\u0437\u0432\u0456\u0442\u0456.<\/a><\/p><\/div>\n\t\t\t\t<\/div>\n\t\t\t\t\t\t\t\t<\/div>\n\t\t\t\t\t\t<\/div>\n\t\t\t\t<\/div>\n\t\t\t\t\t<\/div>\n\t\t\t\t<\/div>\n\t\t\t\t<\/div>","protected":false},"excerpt":{"rendered":"<p>FAQs f\u00fcr Helfer*innen und Spender*innen Hier finden Sie die wichtigsten Informationen dar\u00fcber, was am dringendsten ben\u00f6tigt wird und wie Sie die Menschen in der Ukraine sowie Gefl\u00fcchtete vor Ort unterst\u00fctzen k\u00f6nnen. Spenden Sie Geld Wie kann ich Geld spenden? Spendenkonto Deutsch-Ukrainisches Zentrum Rostock e. V.DE45 1305 0000 0201 1203 13BIC: NOLADE21ROS Sie k\u00f6nnen auch \u00fcber [&hellip;]<\/p>","protected":false},"author":3,"featured_media":0,"parent":0,"menu_order":0,"comment_status":"closed","ping_status":"closed","template":"","meta":{"footnotes":""},"class_list":["post-2499","page","type-page","status-publish","hentry"],"_links":{"self":[{"href":"https:\/\/deutsch-ukrainisches-zentrum-rostock.de\/uk\/wp-json\/wp\/v2\/pages\/2499","targetHints":{"allow":["GET"]}}],"collection":[{"href":"https:\/\/deutsch-ukrainisches-zentrum-rostock.de\/uk\/wp-json\/wp\/v2\/pages"}],"about":[{"href":"https:\/\/deutsch-ukrainisches-zentrum-rostock.de\/uk\/wp-json\/wp\/v2\/types\/page"}],"author":[{"embeddable":true,"href":"https:\/\/deutsch-ukrainisches-zentrum-rostock.de\/uk\/wp-json\/wp\/v2\/users\/3"}],"replies":[{"embeddable":true,"href":"https:\/\/deutsch-ukrainisches-zentrum-rostock.de\/uk\/wp-json\/wp\/v2\/comments?post=2499"}],"version-history":[{"count":0,"href":"https:\/\/deutsch-ukrainisches-zentrum-rostock.de\/uk\/wp-json\/wp\/v2\/pages\/2499\/revisions"}],"wp:attachment":[{"href":"https:\/\/deutsch-ukrainisches-zentrum-rostock.de\/uk\/wp-json\/wp\/v2\/media?parent=2499"}],"curies":[{"name":"wp","href":"https:\/\/api.w.org\/{rel}","templated":true}]}}