{"id":2486,"date":"2023-07-01T19:47:51","date_gmt":"2023-07-01T17:47:51","guid":{"rendered":"https:\/\/deutsch-ukrainisches-zentrum-rostock.de\/?page_id=2486"},"modified":"2024-03-05T17:33:05","modified_gmt":"2024-03-05T16:33:05","slug":"mitglied-werden","status":"publish","type":"page","link":"https:\/\/deutsch-ukrainisches-zentrum-rostock.de\/uk\/mitglied-werden\/","title":{"rendered":"\u0414\u041e\u041b\u0423\u0427\u0418\u0422\u0418\u0421\u042f"},"content":{"rendered":"<div data-elementor-type=\"wp-page\" data-elementor-id=\"2486\" class=\"elementor elementor-2486\" data-elementor-post-type=\"page\">\n\t\t\t\t<div class=\"elementor-element elementor-element-0cf222c e-flex e-con-boxed e-con e-parent\" data-id=\"0cf222c\" data-element_type=\"container\">\n\t\t\t\t\t<div class=\"e-con-inner\">\n\t\t\t\t<div class=\"elementor-element elementor-element-f270d4b elementor-widget elementor-widget-heading\" data-id=\"f270d4b\" data-element_type=\"widget\" data-widget_type=\"heading.default\">\n\t\t\t\t<div class=\"elementor-widget-container\">\n\t\t\t\t\t<h1 class=\"elementor-heading-title elementor-size-default\">\u041f\u0440\u0438\u0454\u0434\u043d\u0443\u0439\u0442\u0435\u0441\u044c \u0434\u043e \u0442\u043e\u0432\u0430\u0440\u0438\u0441\u0442\u0432\u0430 \u0437\u0430\u0440\u0430\u0437!<\/h1>\t\t\t\t<\/div>\n\t\t\t\t<\/div>\n\t\t\t\t<div class=\"elementor-element elementor-element-ab081cc elementor-widget elementor-widget-text-editor\" data-id=\"ab081cc\" data-element_type=\"widget\" data-widget_type=\"text-editor.default\">\n\t\t\t\t<div class=\"elementor-widget-container\">\n\t\t\t\t\t\t\t\t\t<p>\u201c\u041d\u0456\u043c\u0435\u0446\u044c\u043a\u043e-\u0443\u043a\u0440\u0430\u0457\u043d\u0441\u044c\u043a\u0438\u0439 \u0446\u0435\u043d\u0442\u0440 \u043c\u0456\u0441\u0442\u0430 \u0420\u043e\u0441\u0442\u043e\u043a\u201d \u0454 \u0437\u0430\u0440\u0435\u0454\u0441\u0442\u0440\u043e\u0432\u0430\u043d\u043e\u044e \u043d\u0435\u043f\u0440\u0438\u0431\u0443\u0442\u043a\u043e\u0432\u043e\u044e \u0430\u0441\u043e\u0446\u0456\u0430\u0446\u0456\u0454\u044e. \u0419\u043e\u0433\u043e \u0433\u043e\u043b\u043e\u0432\u043d\u0430 \u043c\u0435\u0442\u0430 \u2013 \u0441\u043f\u0440\u0438\u044f\u0442\u0438 \u0440\u043e\u0437\u0443\u043c\u0456\u043d\u043d\u044e \u041d\u0456\u043c\u0435\u0447\u0447\u0438\u043d\u0438 \u0432 \u0423\u043a\u0440\u0430\u0457\u043d\u0456 \u0442\u0430 \u043d\u0430\u0432\u043f\u0430\u043a\u0438, \u043f\u043e\u043f\u0443\u043b\u044f\u0440\u0438\u0437\u0443\u0432\u0430\u0442\u0438 \u0443\u043a\u0440\u0430\u0457\u043d\u0441\u044c\u043a\u0435 \u043a\u0443\u043b\u044c\u0442\u0443\u0440\u043d\u0435 \u0436\u0438\u0442\u0442\u044f \u0432 \u041d\u0456\u043c\u0435\u0447\u0447\u0438\u043d\u0456 \u0442\u0430 \u0441\u043f\u0440\u0438\u044f\u0442\u0438 \u0434\u043e\u0431\u0440\u0438\u043c \u043d\u0456\u043c\u0435\u0446\u044c\u043a\u043e-\u0443\u043a\u0440\u0430\u0457\u043d\u0441\u044c\u043a\u0438\u043c \u0432\u0456\u0434\u043d\u043e\u0441\u0438\u043d\u0430\u043c.<\/p><p><strong>\u0423\u0441\u0456 \u0447\u043b\u0435\u043d\u0441\u044c\u043a\u0456 \u0432\u043d\u0435\u0441\u043a\u0438 \u0439\u0434\u0443\u0442\u044c \u0431\u0435\u0437\u043f\u043e\u0441\u0435\u0440\u0435\u0434\u043d\u044c\u043e \u043d\u0430 \u0440\u0435\u0430\u043b\u0456\u0437\u0430\u0446\u0456\u044e \u043f\u0440\u043e\u0454\u043a\u0442\u0456\u0432. \u0422\u043e\u0432\u0430\u0440\u0438\u0441\u0442\u0432o \u043d\u0435 \u043f\u0435\u0440\u0435\u0441\u043b\u0456\u0434\u0443\u0454 \u0436\u043e\u0434\u043d\u0438\u0445 \u043a\u043e\u043c\u0435\u0440\u0446\u0456\u0439\u043d\u0438\u0445 \u0446\u0456\u043b\u0435\u0439.<\/strong><\/p>\t\t\t\t\t\t\t\t<\/div>\n\t\t\t\t<\/div>\n\t\t\t\t<div class=\"elementor-element elementor-element-91def60 elementor-widget elementor-widget-text-editor\" data-id=\"91def60\" data-element_type=\"widget\" data-widget_type=\"text-editor.default\">\n\t\t\t\t<div class=\"elementor-widget-container\">\n\t\t\t\t\t\t\t\t\t<p>\u0427\u043b\u0435\u043d\u0430\u043c\u0438 \/ \u0447\u043b\u0435\u043d\u043a\u0438\u043d\u044f\u043c\u0438 \u0422\u043e\u0432\u0430\u0440\u0438\u0441\u0442\u0432\u0430 \u043c\u043e\u0436\u0443\u0442\u044c \u0431\u0443\u0442\u0438 \u0444\u0456\u0437\u0438\u0447\u043d\u0456 \u0442\u0430 \u044e\u0440\u0438\u0434\u0438\u0447\u043d\u0456 \u043e\u0441\u043e\u0431\u0438.\u00a0<\/p><p>\u0417\u0430\u044f\u0432\u0430 \u043f\u0440\u043e \u0432\u0441\u0442\u0443\u043f \u0434\u043e \u0422\u043e\u0432\u0430\u0440\u0438\u0441\u0442\u0432\u0430 \u043c\u0430\u0454 \u0431\u0443\u0442\u0438 \u043e\u0444\u043e\u0440\u043c\u043b\u0435\u043d\u0430 \u0432 \u043f\u0438\u0441\u044c\u043c\u043e\u0432\u0456\u0439 \u0444\u043e\u0440\u043c\u0456.<\/p>\t\t\t\t\t\t\t\t<\/div>\n\t\t\t\t<\/div>\n\t\t\t\t\t<\/div>\n\t\t\t\t<\/div>\n\t\t<div class=\"elementor-element elementor-element-77aa48b e-flex e-con-boxed e-con e-parent\" data-id=\"77aa48b\" data-element_type=\"container\">\n\t\t\t\t\t<div class=\"e-con-inner\">\n\t\t\t\t<div class=\"elementor-element elementor-element-dc3f434 elementor-widget elementor-widget-heading\" data-id=\"dc3f434\" data-element_type=\"widget\" data-widget_type=\"heading.default\">\n\t\t\t\t<div class=\"elementor-widget-container\">\n\t\t\t\t\t<h2 class=\"elementor-heading-title elementor-size-default\">\u0420\u0456\u0447\u043d\u0438\u0439 \u0432\u043d\u0435\u0441\u043e\u043a:<\/h2>\t\t\t\t<\/div>\n\t\t\t\t<\/div>\n\t\t\t\t<div class=\"elementor-element elementor-element-a89be5d elementor-widget elementor-widget-text-editor\" data-id=\"a89be5d\" data-element_type=\"widget\" data-widget_type=\"text-editor.default\">\n\t\t\t\t<div class=\"elementor-widget-container\">\n\t\t\t\t\t\t\t\t\t<ul><li>30 \u0454\u0432\u0440\u043e \u0437\u0430 \u0443\u0447\u0430\u0441\u043d\u0438\u043a\u0430\/-\u0446\u044e (\u0454\u0434\u0438\u043d\u0438\u0439 \u0432\u043d\u0435\u0441\u043e\u043a)<\/li><li>45 \u0454\u0432\u0440\u043e \u0434\u043b\u044f \u0441\u0456\u043c\u0435\u0439 \u0456 \u043f\u0430\u0440 (\u0441\u0456\u043c\u0435\u0439\u043d\u0438\u0439 \u0432\u043d\u0435\u0441\u043e\u043a)<\/li><li>25 \u0454\u0432\u0440\u043e \u0434\u043b\u044f \u0441\u0442\u0430\u0436\u0438\u0441\u0442\u0456\u0432\/-\u043e\u043a, \u0441\u0442\u0443\u0434\u0435\u043d\u0442\u0456\u0432\/-\u043e\u043a, \u043f\u0435\u043d\u0441\u0456\u043e\u043d\u0435\u0440\u0456\u0432\/-\u043e\u043a \u0442\u0430 \u043e\u0441\u0456\u0431, \u0449\u043e \u043e\u0442\u0440\u0438\u043c\u0443\u044e\u0442\u044c \u0441\u043e\u0446\u0456\u0430\u043b\u044c\u043d\u0435 \u0437\u0430\u0431\u0435\u0437\u043f\u0435\u0447\u0435\u043d\u043d\u044f<\/li><\/ul><p>\u041e\u0434\u043d\u043e\u0440\u0430\u0437\u043e\u0432\u0438\u0439 \u0437\u0431\u0456\u0440 5 \u0454\u0432\u0440\u043e.<\/p>\t\t\t\t\t\t\t\t<\/div>\n\t\t\t\t<\/div>\n\t\t\t\t<div class=\"elementor-element elementor-element-e13eaf3 elementor-widget elementor-widget-heading\" data-id=\"e13eaf3\" data-element_type=\"widget\" data-widget_type=\"heading.default\">\n\t\t\t\t<div class=\"elementor-widget-container\">\n\t\t\t\t\t<h2 class=\"elementor-heading-title elementor-size-default\">\u0417\u0430\u044f\u0432\u0430 \u043d\u0430 \u0447\u043b\u0435\u043d\u0441\u0442\u0432\u043e:<\/h2>\t\t\t\t<\/div>\n\t\t\t\t<\/div>\n\t\t\t\t\t<\/div>\n\t\t\t\t<\/div>\n\t\t<div class=\"elementor-element elementor-element-b8c54dd e-flex e-con-boxed e-con e-parent\" data-id=\"b8c54dd\" data-element_type=\"container\">\n\t\t\t\t\t<div class=\"e-con-inner\">\n\t\t\t\t<div class=\"elementor-element elementor-element-a52963c elementor-widget elementor-widget-text-editor\" data-id=\"a52963c\" data-element_type=\"widget\" data-widget_type=\"text-editor.default\">\n\t\t\t\t<div class=\"elementor-widget-container\">\n\t\t\t\t\t\t\t\t\t<p><a href=\"https:\/\/deutsch-ukrainisches-zentrum-rostock.de\/wp-content\/uploads\/2024\/02\/Aufnahmeantrag-des-Vereins-\u201eDeutsch-Ukrainisches-Zentrum-Rostock.pdf\" target=\"_blank\" rel=\"noopener\"><span style=\"text-decoration: underline;\"><strong><span style=\"vertical-align: inherit;\"><span style=\"vertical-align: inherit;\">\u0412\u0438 \u043c\u043e\u0436\u0435\u0442\u0435 \u0437\u0430\u0432\u0430\u043d\u0442\u0430\u0436\u0438\u0442\u0438 \u0437\u0430\u044f\u0432\u043a\u0443 \u043d\u0430 \u0447\u043b\u0435\u043d\u0441\u0442\u0432\u043e \u0442\u0443\u0442.<\/span><\/span><\/strong><\/span><\/a><\/p>\t\t\t\t\t\t\t\t<\/div>\n\t\t\t\t<\/div>\n\t\t\t\t\t<\/div>\n\t\t\t\t<\/div>\n\t\t<div class=\"elementor-element elementor-element-c0c1a45 e-flex e-con-boxed e-con e-parent\" data-id=\"c0c1a45\" data-element_type=\"container\">\n\t\t\t\t\t<div class=\"e-con-inner\">\n\t\t\t\t<div class=\"elementor-element elementor-element-98202ce elementor-widget elementor-widget-heading\" data-id=\"98202ce\" data-element_type=\"widget\" data-widget_type=\"heading.default\">\n\t\t\t\t<div class=\"elementor-widget-container\">\n\t\t\t\t\t<h2 class=\"elementor-heading-title elementor-size-default\">\u041a\u043e\u043d\u0442\u0430\u043a\u0442\u043d\u0430 \u0430\u0434\u0440\u0435\u0441\u0430 \u0434\u043b\u044f \u043f\u043e\u0434\u0430\u043d\u043d\u044f \u0437\u0430\u044f\u0432\u0438:<\/h2>\t\t\t\t<\/div>\n\t\t\t\t<\/div>\n\t\t\t\t\t<\/div>\n\t\t\t\t<\/div>\n\t\t<div class=\"elementor-element elementor-element-89d21ed e-flex e-con-boxed e-con e-parent\" data-id=\"89d21ed\" data-element_type=\"container\">\n\t\t\t\t\t<div class=\"e-con-inner\">\n\t\t\t\t<div class=\"elementor-element elementor-element-beaa8fe elementor-widget elementor-widget-text-editor\" data-id=\"beaa8fe\" data-element_type=\"widget\" data-widget_type=\"text-editor.default\">\n\t\t\t\t<div class=\"elementor-widget-container\">\n\t\t\t\t\t\t\t\t\t<p>\u041d\u0430\u0434\u0456\u0448\u043b\u0456\u0442\u044c \u043f\u0456\u0434\u043f\u0438\u0441\u0430\u043d\u0443 \u0442\u0430 \u0432\u0456\u0434\u0441\u043a\u0430\u043d\u043e\u0432\u0430\u043d\u0443 \u0437\u0430\u044f\u0432\u0443 \u043d\u0430 \u0430\u0434\u0440\u0435\u0441\u0443: <a href=\"mailto:ukrzentrumhro2020@outlook.com\">ukrzentrumhro2020@outlook.com<\/a>.<\/p>\t\t\t\t\t\t\t\t<\/div>\n\t\t\t\t<\/div>\n\t\t\t\t\t<\/div>\n\t\t\t\t<\/div>\n\t\t\t\t<\/div>","protected":false},"excerpt":{"rendered":"<p>Werden Sie jetzt Mitglied! Das Deutsch- Ukrainische Zentrum in Rostock ist ein eingetragener gemeinn\u00fctziger Verein. Sein Hauptziel ist es, das Verst\u00e4ndnis f\u00fcr Deutschland in der Ukraine sowie umgekehrt, kulturelles Leben der Ukraine in Deutschland zu f\u00f6rdern und einen Beitrag zu guten deutsch &#8211; ukrainischen Beziehungen zu leisten. Alle Mitgliedsbeitr\u00e4ge flie\u00dfen direkt in die Umsetzung von [&hellip;]<\/p>","protected":false},"author":3,"featured_media":0,"parent":0,"menu_order":0,"comment_status":"closed","ping_status":"closed","template":"","meta":{"footnotes":""},"class_list":["post-2486","page","type-page","status-publish","hentry"],"_links":{"self":[{"href":"https:\/\/deutsch-ukrainisches-zentrum-rostock.de\/uk\/wp-json\/wp\/v2\/pages\/2486","targetHints":{"allow":["GET"]}}],"collection":[{"href":"https:\/\/deutsch-ukrainisches-zentrum-rostock.de\/uk\/wp-json\/wp\/v2\/pages"}],"about":[{"href":"https:\/\/deutsch-ukrainisches-zentrum-rostock.de\/uk\/wp-json\/wp\/v2\/types\/page"}],"author":[{"embeddable":true,"href":"https:\/\/deutsch-ukrainisches-zentrum-rostock.de\/uk\/wp-json\/wp\/v2\/users\/3"}],"replies":[{"embeddable":true,"href":"https:\/\/deutsch-ukrainisches-zentrum-rostock.de\/uk\/wp-json\/wp\/v2\/comments?post=2486"}],"version-history":[{"count":0,"href":"https:\/\/deutsch-ukrainisches-zentrum-rostock.de\/uk\/wp-json\/wp\/v2\/pages\/2486\/revisions"}],"wp:attachment":[{"href":"https:\/\/deutsch-ukrainisches-zentrum-rostock.de\/uk\/wp-json\/wp\/v2\/media?parent=2486"}],"curies":[{"name":"wp","href":"https:\/\/api.w.org\/{rel}","templated":true}]}}