{"id":1658,"date":"2022-05-27T10:17:20","date_gmt":"2022-05-27T08:17:20","guid":{"rendered":"https:\/\/deutsch-ukrainisches-zentrum-rostock.de\/?page_id=1658"},"modified":"2024-02-24T03:23:59","modified_gmt":"2024-02-24T02:23:59","slug":"jobsvermittlung","status":"publish","type":"page","link":"https:\/\/deutsch-ukrainisches-zentrum-rostock.de\/uk\/jobsvermittlung\/","title":{"rendered":"\u0412\u0410\u041a\u0410\u041d\u0421\u0406\u0407. \u041f\u041e\u0428\u0423\u041a \u0420\u041e\u0411\u041e\u0422\u0418"},"content":{"rendered":"<div data-elementor-type=\"wp-page\" data-elementor-id=\"1658\" class=\"elementor elementor-1658\" data-elementor-post-type=\"page\">\n\t\t\t\t\t\t<section class=\"elementor-section elementor-top-section elementor-element elementor-element-1966517 elementor-hidden-tablet elementor-hidden-mobile elementor-section-boxed elementor-section-height-default elementor-section-height-default\" data-id=\"1966517\" data-element_type=\"section\">\n\t\t\t\t\t\t<div class=\"elementor-container elementor-column-gap-default\">\n\t\t\t\t\t<div class=\"elementor-column elementor-col-100 elementor-top-column elementor-element elementor-element-d6884db\" data-id=\"d6884db\" data-element_type=\"column\">\n\t\t\t<div class=\"elementor-widget-wrap\">\n\t\t\t\t\t\t\t<\/div>\n\t\t<\/div>\n\t\t\t\t\t<\/div>\n\t\t<\/section>\n\t\t\t\t<section class=\"elementor-section elementor-top-section elementor-element elementor-element-a50a481 elementor-section-boxed elementor-section-height-default elementor-section-height-default\" data-id=\"a50a481\" data-element_type=\"section\">\n\t\t\t\t\t\t<div class=\"elementor-container elementor-column-gap-default\">\n\t\t\t\t\t<div class=\"elementor-column elementor-col-50 elementor-top-column elementor-element elementor-element-ed43852\" data-id=\"ed43852\" data-element_type=\"column\">\n\t\t\t<div class=\"elementor-widget-wrap elementor-element-populated\">\n\t\t\t\t\t\t<div class=\"elementor-element elementor-element-06852ca elementor-hidden-mobile elementor-widget elementor-widget-image\" data-id=\"06852ca\" data-element_type=\"widget\" data-widget_type=\"image.default\">\n\t\t\t\t<div class=\"elementor-widget-container\">\n\t\t\t\t\t\t\t\t\t\t\t\t\t\t\t<img fetchpriority=\"high\" decoding=\"async\" width=\"800\" height=\"565\" src=\"https:\/\/deutsch-ukrainisches-zentrum-rostock.de\/wp-content\/uploads\/2022\/05\/deutsch-ukrainisch-rostock-job.jpg\" class=\"attachment-large size-large wp-image-1680\" alt=\"Hilfe f\u00fcr ukrainische Gefl\u00fcchte bei der Jobsuche\" srcset=\"https:\/\/deutsch-ukrainisches-zentrum-rostock.de\/wp-content\/uploads\/2022\/05\/deutsch-ukrainisch-rostock-job.jpg 842w, https:\/\/deutsch-ukrainisches-zentrum-rostock.de\/wp-content\/uploads\/2022\/05\/deutsch-ukrainisch-rostock-job-600x424.jpg 600w, https:\/\/deutsch-ukrainisches-zentrum-rostock.de\/wp-content\/uploads\/2022\/05\/deutsch-ukrainisch-rostock-job-300x212.jpg 300w, https:\/\/deutsch-ukrainisches-zentrum-rostock.de\/wp-content\/uploads\/2022\/05\/deutsch-ukrainisch-rostock-job-768x543.jpg 768w, https:\/\/deutsch-ukrainisches-zentrum-rostock.de\/wp-content\/uploads\/2022\/05\/deutsch-ukrainisch-rostock-job-18x12.jpg 18w\" sizes=\"(max-width: 800px) 100vw, 800px\" \/>\t\t\t\t\t\t\t\t\t\t\t\t\t\t\t<\/div>\n\t\t\t\t<\/div>\n\t\t\t\t\t<\/div>\n\t\t<\/div>\n\t\t\t\t<div class=\"elementor-column elementor-col-50 elementor-top-column elementor-element elementor-element-3ef3281\" data-id=\"3ef3281\" data-element_type=\"column\">\n\t\t\t<div class=\"elementor-widget-wrap elementor-element-populated\">\n\t\t\t\t\t\t<div class=\"elementor-element elementor-element-8e5e9fb elementor-widget elementor-widget-heading\" data-id=\"8e5e9fb\" data-element_type=\"widget\" data-widget_type=\"heading.default\">\n\t\t\t\t<div class=\"elementor-widget-container\">\n\t\t\t\t\t<h2 class=\"elementor-heading-title elementor-size-default\">\u0412\u0430\u0436\u043b\u0438\u0432\u0430 \u0456\u043d\u0444\u043e\u0440\u043c\u0430\u0446\u0456\u044f \u0442\u0430 \u0432\u0435\u0431\u0441\u0430\u0439\u0442\u0438 \u0434\u043b\u044f \u043f\u043e\u0448\u0443\u043a\u0443 \u0440\u043e\u0431\u043e\u0442\u0438 \u0434\u043b\u044f \u0443\u043a\u0440\u0430\u0457\u043d\u0446\u0456\u0432(-\u043e\u043a)<\/h2>\t\t\t\t<\/div>\n\t\t\t\t<\/div>\n\t\t\t\t\t<\/div>\n\t\t<\/div>\n\t\t\t\t\t<\/div>\n\t\t<\/section>\n\t\t\t\t<section class=\"elementor-section elementor-top-section elementor-element elementor-element-2b981bf elementor-section-boxed elementor-section-height-default elementor-section-height-default\" data-id=\"2b981bf\" data-element_type=\"section\" data-settings=\"{&quot;background_background&quot;:&quot;classic&quot;}\">\n\t\t\t\t\t\t<div class=\"elementor-container elementor-column-gap-default\">\n\t\t\t\t\t<div class=\"elementor-column elementor-col-50 elementor-top-column elementor-element elementor-element-13d94cc\" data-id=\"13d94cc\" data-element_type=\"column\">\n\t\t\t<div class=\"elementor-widget-wrap elementor-element-populated\">\n\t\t\t\t\t\t<div class=\"elementor-element elementor-element-eab2514 elementor-widget elementor-widget-text-editor\" data-id=\"eab2514\" data-element_type=\"widget\" data-widget_type=\"text-editor.default\">\n\t\t\t\t<div class=\"elementor-widget-container\">\n\t\t\t\t\t\t\t\t\t<p><strong>\u043f\u0456\u0434\u0442\u0440\u0438\u043c\u043a\u0430 \u0424\u0435\u0434\u0435\u0440\u0430\u043b\u044c\u043d\u043e\u0433\u043e \u0430\u0433\u0435\u043d\u0442\u0441\u0442\u0432\u0430 \u0437\u0430\u0439\u043d\u044f\u0442\u043e\u0441\u0442\u0456<\/strong><\/p><p>\u0456\u043d\u0444\u043e\u0440\u043c\u0430\u0446\u0456\u044f \u043f\u0440\u043e \u043f\u0456\u0434\u0442\u0440\u0438\u043c\u043a\u0443 \u0437 \u043f\u0438\u0442\u0430\u043d\u044c \u043f\u0440\u0430\u0446\u0435\u0432\u043b\u0430\u0448\u0442\u0443\u0432\u0430\u043d\u043d\u044f \u0424\u0435\u0434\u0435\u0440\u0430\u043b\u044c\u043d\u0438\u043c \u0430\u0433\u0435\u043d\u0442\u0441\u0442\u0432\u043e\u043c \u0437\u0430\u0439\u043d\u044f\u0442\u043e\u0441\u0442\u0456 \u0442\u0430 \u0434\u043e\u0434\u0430\u0442\u043a\u043e\u0432\u0456 \u043f\u0440\u043e\u043f\u043e\u0437\u0438\u0446\u0456\u0457 \u0434\u043e\u043f\u043e\u043c\u043e\u0433\u0438<\/p>\t\t\t\t\t\t\t\t<\/div>\n\t\t\t\t<\/div>\n\t\t\t\t<div class=\"elementor-element elementor-element-5aad80c elementor-button-info elementor-align-left elementor-widget__width-inherit elementor-widget elementor-widget-button\" data-id=\"5aad80c\" data-element_type=\"widget\" data-widget_type=\"button.default\">\n\t\t\t\t<div class=\"elementor-widget-container\">\n\t\t\t\t\t\t\t\t\t<div class=\"elementor-button-wrapper\">\n\t\t\t\t\t<a class=\"elementor-button elementor-button-link elementor-size-xs\" href=\"https:\/\/www.jobs-mv-ukraine.de\/jobangebote\" target=\"_blank\">\n\t\t\t\t\t\t<span class=\"elementor-button-content-wrapper\">\n\t\t\t\t\t\t\t\t\t<span class=\"elementor-button-text\">\u0424\u0435\u0434\u0435\u0440\u0430\u043b\u044c\u043d\u0435 \u0430\u0433\u0435\u043d\u0441\u0442\u0432\u043e \u0437\u0430\u0439\u043d\u044f\u0442\u043e\u0441\u0442\u0456<\/span>\n\t\t\t\t\t<\/span>\n\t\t\t\t\t<\/a>\n\t\t\t\t<\/div>\n\t\t\t\t\t\t\t\t<\/div>\n\t\t\t\t<\/div>\n\t\t\t\t\t<\/div>\n\t\t<\/div>\n\t\t\t\t<div class=\"elementor-column elementor-col-50 elementor-top-column elementor-element elementor-element-f0ccb43\" data-id=\"f0ccb43\" data-element_type=\"column\">\n\t\t\t<div class=\"elementor-widget-wrap elementor-element-populated\">\n\t\t\t\t\t\t<div class=\"elementor-element elementor-element-55205a5 elementor-widget elementor-widget-text-editor\" data-id=\"55205a5\" data-element_type=\"widget\" data-widget_type=\"text-editor.default\">\n\t\t\t\t<div class=\"elementor-widget-container\">\n\t\t\t\t\t\t\t\t\t<p style=\"text-align: left;\" data-wakoopa-seen=\"true\">\u0424\u0435\u0434\u0435\u0440\u0430\u043b\u044c\u043d\u0435 \u0430\u0433\u0435\u043d\u0442\u0441\u0442\u0432\u043e \u0437\u0430\u0439\u043d\u044f\u0442\u043e\u0441\u0442\u0456 \u0434\u043e\u043f\u043e\u043c\u0430\u0433\u0430\u0454 \u0432\u0441\u0456\u043c \u0443 \u041d\u0456\u043c\u0435\u0447\u0447\u0438\u043d\u0456, \u0445\u0442\u043e \u0448\u0443\u043a\u0430\u0454 \u0440\u043e\u0431\u043e\u0442\u0443. \u041c\u0438 \u0454 <strong data-wakoopa-seen=\"true\">\u0434\u0435\u0440\u0436\u0430\u0432\u043d\u0438\u043c \u043e\u0440\u0433\u0430\u043d\u043e\u043c<\/strong>, \u0434\u043e \u044f\u043a\u043e\u0433\u043e \u0432\u0438 \u043c\u043e\u0436\u0435\u0442\u0435 \u0437\u0432\u0435\u0440\u043d\u0443\u0442\u0438\u0441\u044f \u0431\u0435\u0437\u043a\u043e\u0448\u0442\u043e\u0432\u043d\u043e. \u0424\u0435\u0434\u0435\u0440\u0430\u043b\u044c\u043d\u0435 \u0430\u0433\u0435\u043d\u0442\u0441\u0442\u0432\u043e \u0437\u0430\u0439\u043d\u044f\u0442\u043e\u0441\u0442\u0456 <strong data-wakoopa-seen=\"true\">\u043a\u043e\u043d\u0441\u0443\u043b\u044c\u0442\u0443\u0454 \u0442\u0430 \u043f\u0456\u0434\u0442\u0440\u0438\u043c\u0443\u0454<\/strong>\u00a0\u0412\u0430\u0441, \u043d\u0430\u043f\u0440\u0438\u043a\u043b\u0430\u0434...<\/p><ul data-wakoopa-seen=\"true\"><li style=\"text-align: left;\" data-wakoopa-seen=\"true\">\u043f\u043e\u0448\u0443\u043a \u0440\u043e\u0431\u043e\u0442\u0438 \u0430\u0431\u043e \u0437\u0434\u043e\u0431\u0443\u0442\u0442\u044f \u043f\u0440\u043e\u0444\u0435\u0441\u0456\u0439\u043d\u043e\u0457 \u043e\u0441\u0432\u0456\u0442\u0438,\u00a0<\/li><li style=\"text-align: left;\" data-wakoopa-seen=\"true\">\u043f\u0456\u0434\u0432\u0438\u0449\u0435\u043d\u043d\u044f \u043a\u0432\u0430\u043b\u0456\u0444\u0456\u043a\u0430\u0446\u0456\u0457 \u0430\u0431\u043e \u043f\u0435\u0440\u0435\u043a\u0432\u0430\u043b\u0456\u0444\u0456\u043a\u0430\u0446\u0456\u044f,\u00a0<\/li><li style=\"text-align: left;\" data-wakoopa-seen=\"true\">\u0432\u0438\u0437\u043d\u0430\u043d\u043d\u044f \u0456\u043d\u043e\u0437\u0435\u043c\u043d\u043e\u0457 \u043e\u0441\u0432\u0456\u0442\u0438 \u0430\u0431\u043e \u043f\u0440\u043e\u0444\u0435\u0441\u0456\u0457 \u0432 \u041d\u0456\u043c\u0435\u0447\u0447\u0438\u043d\u0456,\u00a0<\/li><li style=\"text-align: left;\" data-wakoopa-seen=\"true\">\u0432\u0438\u0432\u0447\u0435\u043d\u043d\u044f \u043d\u0456\u043c\u0435\u0446\u044c\u043a\u043e\u0457 \u043c\u043e\u0432\u0438.\u00a0<\/li><\/ul>\t\t\t\t\t\t\t\t<\/div>\n\t\t\t\t<\/div>\n\t\t\t\t\t<\/div>\n\t\t<\/div>\n\t\t\t\t\t<\/div>\n\t\t<\/section>\n\t\t\t\t<section class=\"elementor-section elementor-top-section elementor-element elementor-element-5f862f2 elementor-section-boxed elementor-section-height-default elementor-section-height-default\" data-id=\"5f862f2\" data-element_type=\"section\">\n\t\t\t\t\t\t<div class=\"elementor-container elementor-column-gap-default\">\n\t\t\t\t\t<div class=\"elementor-column elementor-col-50 elementor-top-column elementor-element elementor-element-bfac9dd\" data-id=\"bfac9dd\" data-element_type=\"column\">\n\t\t\t<div class=\"elementor-widget-wrap\">\n\t\t\t\t\t\t\t<\/div>\n\t\t<\/div>\n\t\t\t\t<div class=\"elementor-column elementor-col-50 elementor-top-column elementor-element elementor-element-cfd4e25\" data-id=\"cfd4e25\" data-element_type=\"column\">\n\t\t\t<div class=\"elementor-widget-wrap\">\n\t\t\t\t\t\t\t<\/div>\n\t\t<\/div>\n\t\t\t\t\t<\/div>\n\t\t<\/section>\n\t\t\t\t<section class=\"elementor-section elementor-top-section elementor-element elementor-element-81e23ef elementor-section-boxed elementor-section-height-default elementor-section-height-default\" data-id=\"81e23ef\" data-element_type=\"section\">\n\t\t\t\t\t\t<div class=\"elementor-container elementor-column-gap-default\">\n\t\t\t\t\t<div class=\"elementor-column elementor-col-50 elementor-top-column elementor-element elementor-element-f7f3d88\" data-id=\"f7f3d88\" data-element_type=\"column\">\n\t\t\t<div class=\"elementor-widget-wrap elementor-element-populated\">\n\t\t\t\t\t\t<div class=\"elementor-element elementor-element-407ada3 elementor-widget elementor-widget-text-editor\" data-id=\"407ada3\" data-element_type=\"widget\" data-widget_type=\"text-editor.default\">\n\t\t\t\t<div class=\"elementor-widget-container\">\n\t\t\t\t\t\t\t\t\t<p><strong>\u0420\u043e\u0431\u043e\u0442\u0430 \u0432 \u041c\u0435\u043a\u043b\u0435\u043d\u0431\u0443\u0440\u0433-\u041f\u0435\u0440\u0435\u0445\u0456\u0434\u043d\u0430 \u041f\u043e\u043c\u0435\u0440\u0430\u043d\u0456\u044f<\/strong><\/p><p>\u041a\u043e\u043c\u043f\u0430\u043d\u0456\u0457 \u0437 \u0440\u0435\u0433\u0456\u043e\u043d\u0443 \u0445\u043e\u0447\u0443\u0442\u044c \u0434\u043e\u043f\u043e\u043c\u043e\u0433\u0442\u0438.<\/p>\t\t\t\t\t\t\t\t<\/div>\n\t\t\t\t<\/div>\n\t\t\t\t<div class=\"elementor-element elementor-element-c4a8452 elementor-button-info elementor-align-left elementor-widget__width-inherit elementor-widget elementor-widget-button\" data-id=\"c4a8452\" data-element_type=\"widget\" data-widget_type=\"button.default\">\n\t\t\t\t<div class=\"elementor-widget-container\">\n\t\t\t\t\t\t\t\t\t<div class=\"elementor-button-wrapper\">\n\t\t\t\t\t<a class=\"elementor-button elementor-button-link elementor-size-xs\" href=\"https:\/\/www.jobs-mv-ukraine.de\/jobangebote\" target=\"_blank\">\n\t\t\t\t\t\t<span class=\"elementor-button-content-wrapper\">\n\t\t\t\t\t\t\t\t\t<span class=\"elementor-button-text\">\u0420\u043e\u0431\u043e\u0442\u0430 \u0432 \u041c\u0435\u043a\u043b\u0435\u043d\u0431\u0443\u0440\u0433-\u041f\u0435\u0440\u0435\u0445\u0456\u0434\u043d\u0430 \u041f\u043e\u043c\u0435\u0440\u0430\u043d\u0456\u044f<\/span>\n\t\t\t\t\t<\/span>\n\t\t\t\t\t<\/a>\n\t\t\t\t<\/div>\n\t\t\t\t\t\t\t\t<\/div>\n\t\t\t\t<\/div>\n\t\t\t\t\t<\/div>\n\t\t<\/div>\n\t\t\t\t<div class=\"elementor-column elementor-col-50 elementor-top-column elementor-element elementor-element-81d3a8b\" data-id=\"81d3a8b\" data-element_type=\"column\">\n\t\t\t<div class=\"elementor-widget-wrap elementor-element-populated\">\n\t\t\t\t\t\t<div class=\"elementor-element elementor-element-7c417cd elementor-widget elementor-widget-text-editor\" data-id=\"7c417cd\" data-element_type=\"widget\" data-widget_type=\"text-editor.default\">\n\t\t\t\t<div class=\"elementor-widget-container\">\n\t\t\t\t\t\t\t\t\t<p data-wakoopa-seen=\"true\">\u041d\u0430 \u0432\u0435\u0431\u0441\u0430\u0439\u0442\u0456 \u0454 \u0440\u0456\u0437\u043d\u043e\u043c\u0430\u043d\u0456\u0442\u043d\u0456 \u043f\u0440\u043e\u043f\u043e\u0437\u0438\u0446\u0456\u0457 \u0449\u043e\u0434\u043e \u0440\u043e\u0431\u043e\u0442\u0438, \u0430\u0434\u0440\u0435\u0441\u043e\u0432\u0430\u043d\u0456 \u0443\u043a\u0440\u0430\u0457\u043d\u0446\u044f\u043c(-\u043a\u0430\u043c). \u0426\u0438\u043c\u0438 \u043f\u0440\u043e\u043f\u043e\u0437\u0438\u0446\u0456\u044f\u043c\u0438 \u043a\u043e\u043c\u043f\u0430\u043d\u0456\u0457 \u0445\u043e\u0447\u0443\u0442\u044c \u0441\u043f\u0440\u0438\u044f\u0442\u0438 \u044f\u043a\u043d\u0430\u0439\u0448\u0432\u0438\u0434\u0448\u0456\u0439 \u0456\u043d\u0442\u0435\u0433\u0440\u0430\u0446\u0456\u0457 \u043b\u044e\u0434\u0435\u0439 \u0437 \u0423\u043a\u0440\u0430\u0457\u043d\u0438 \u0434\u043e \u0442\u0443\u0442\u0435\u0448\u043d\u044c\u043e\u0433\u043e \u0440\u0438\u043d\u043a\u0443 \u043f\u0440\u0430\u0446\u0456.\n\n\u041a\u043e\u043c\u043f\u0430\u043d\u0456\u0457 \u0443\u0441\u0432\u0456\u0434\u043e\u043c\u043b\u044e\u044e\u0442\u044c \u0456 \u0442\u0443\u0440\u0431\u0443\u044e\u0442\u044c\u0441\u044f \u043f\u0440\u043e  \u043e\u0441\u043e\u0431\u043b\u0438\u0432\u0443 \u0432\u0456\u0434\u043f\u043e\u0432\u0456\u0434\u0430\u043b\u044c\u043d\u0456\u0441\u0442\u044c, \u044f\u043a\u0443 \u0432\u043e\u043d\u0438 \u043d\u0435\u0441\u0443\u0442\u044c, \u0434\u043e \u043b\u044e\u0434\u0435\u0439, \u043a\u043e\u0442\u0440\u0438\u0445 \u0432\u043e\u043d\u0438 \u043d\u0430\u0439\u043c\u0430\u044e\u0442\u044c.\u00a0<\/p><p data-wakoopa-seen=\"true\">\u041a\u043e\u043c\u043f\u0430\u043d\u0456\u0457 \u0440\u0435\u0433\u0456\u043e\u043d\u0443 \u0437\u0430 \u0434\u043e\u043f\u043e\u043c\u043e\u0433\u043e\u044e \u0446\u044c\u043e\u0433\u043e \u0432\u0435\u0441\u0430\u0439\u0442\u0443 \u0445\u043e\u0447\u0443\u0442\u044c \u043f\u0440\u043e\u044f\u0441\u043d\u0438\u0442\u0438 \u043d\u0430\u0439\u0432\u0430\u0436\u043b\u0438\u0432\u0456\u0448\u0456 \u043f\u0438\u0442\u0430\u043d\u043d\u044f \u0437 \u0442\u0435\u043c\u0438 \u0440\u043e\u0431\u043e\u0442\u0438 \u0442\u0430 \u043d\u0430\u0434\u0430\u0432\u0430\u0442\u0438 \u0456\u043d\u0444\u043e\u0440\u043c\u0430\u0446\u0456\u044e \u043f\u0440\u043e \u0440\u043e\u0431\u043e\u0442\u0443 \u044f\u043a \u0443\u043a\u0440\u0430\u0457\u043d\u0446\u044f\u043c(-\u043a\u0430\u043c), \u0442\u0430\u043a \u0456 \u0440\u043e\u0431\u043e\u0442\u043e\u0434\u0430\u0432\u0446\u044f\u043c.<\/p>\t\t\t\t\t\t\t\t<\/div>\n\t\t\t\t<\/div>\n\t\t\t\t\t<\/div>\n\t\t<\/div>\n\t\t\t\t\t<\/div>\n\t\t<\/section>\n\t\t\t\t<section class=\"elementor-section elementor-top-section elementor-element elementor-element-923d04b elementor-section-boxed elementor-section-height-default elementor-section-height-default\" data-id=\"923d04b\" data-element_type=\"section\">\n\t\t\t\t\t\t<div class=\"elementor-container elementor-column-gap-default\">\n\t\t\t\t\t<div class=\"elementor-column elementor-col-50 elementor-top-column elementor-element elementor-element-002c308\" data-id=\"002c308\" data-element_type=\"column\">\n\t\t\t<div class=\"elementor-widget-wrap elementor-element-populated\">\n\t\t\t\t\t\t<div class=\"elementor-element elementor-element-54eebcd elementor-widget elementor-widget-text-editor\" data-id=\"54eebcd\" data-element_type=\"widget\" data-widget_type=\"text-editor.default\">\n\t\t\t\t<div class=\"elementor-widget-container translation-block\"><strong>\u0412\u0456\u0442\u0430\u0454\u043c\u043e \u0432 \u0435\u043a\u043e\u043d\u043e\u043c\u0456\u0447\u043d\u0456\u0439 \u043c\u0435\u0440\u0435\u0436\u0456 \u0440\u0435\u0433\u0456\u043e\u043d\u0443 \u0420\u043e\u0441\u0442\u043e\u043a \u00abWirtschaftsnetzwerk Region Rostock\u00bb!<\/strong><\/div>\n\t\t\t\t<\/div>\n\t\t\t\t<div class=\"elementor-element elementor-element-e893d35 elementor-button-info elementor-align-left elementor-widget__width-inherit elementor-widget elementor-widget-button\" data-id=\"e893d35\" data-element_type=\"widget\" data-widget_type=\"button.default\">\n\t\t\t\t<div class=\"elementor-widget-container\">\n\t\t\t\t\t\t\t\t\t<div class=\"elementor-button-wrapper\">\n\t\t\t\t\t<a class=\"elementor-button elementor-button-link elementor-size-xs\" href=\"https:\/\/www.ostsee-zeitung.de\/mecklenburg-vorpommern\/vitayemo-vas-v-ekonomichnii-merezhi-regionu-rostok-wirtschaftsnetzwerk-region-rostock-7DQZEFDMVX6UCJMYEKA5HASD5E.html\" target=\"_blank\">\n\t\t\t\t\t\t<span class=\"elementor-button-content-wrapper\">\n\t\t\t\t\t\t\t\t\t<span class=\"elementor-button-text\">\u0413\u0430\u0437\u0435\u0442\u0430 \u041estsee Zeitung \u0443\u043a\u0440\u0430\u0457\u043d\u0441\u044c\u043a\u043e\u044e<\/span>\n\t\t\t\t\t<\/span>\n\t\t\t\t\t<\/a>\n\t\t\t\t<\/div>\n\t\t\t\t\t\t\t\t<\/div>\n\t\t\t\t<\/div>\n\t\t\t\t\t<\/div>\n\t\t<\/div>\n\t\t\t\t<div class=\"elementor-column elementor-col-50 elementor-top-column elementor-element elementor-element-abf6bb2\" data-id=\"abf6bb2\" data-element_type=\"column\">\n\t\t\t<div class=\"elementor-widget-wrap elementor-element-populated\">\n\t\t\t\t\t\t<div class=\"elementor-element elementor-element-07d5673 elementor-widget elementor-widget-text-editor\" data-id=\"07d5673\" data-element_type=\"widget\" data-widget_type=\"text-editor.default\">\n\t\t\t\t<div class=\"elementor-widget-container\">\n\t\t\t\t\t\t\t\t\t<p data-wakoopa-seen=\"true\">\u0426\u0435 \u043c\u0435\u0440\u0435\u0436\u0430, \u044f\u043a\u0430 \u0437\u0456\u043d\u0456\u0446\u0456\u044e\u0432\u0430\u043b\u0430 \u0456\u043d\u0442\u0435\u0440\u043d\u0435\u0442 \u043f\u043e\u0440\u0442\u0430\u043b, \u043d\u0430 \u044f\u043a\u043e\u043c\u0443 \u0443\u043a\u0440\u0430\u0457\u043d\u0446\u0456 \u0442\u0430 \u0443\u043a\u0440\u0430\u0457\u043d\u043a\u0438 \u043c\u043e\u0436\u0443\u0442\u044c \u0437\u043d\u0430\u0439\u0442\u0438 \u0441\u0432\u043e\u044e \u0443\u043b\u044e\u0431\u043b\u0435\u043d\u0443 \u0440\u043e\u0431\u043e\u0442\u0443.<\/p>\t\t\t\t\t\t\t\t<\/div>\n\t\t\t\t<\/div>\n\t\t\t\t\t<\/div>\n\t\t<\/div>\n\t\t\t\t\t<\/div>\n\t\t<\/section>\n\t\t\t\t<\/div>","protected":false},"excerpt":{"rendered":"<p>Wichtige Informationen und Links f\u00fcr Jobvermittlung f\u00fcr gefl\u00fcchtete ukrainische Mitb\u00fcrger*innen Unterst\u00fctzung durch die Arbeitsagentur Rostock Informationen dazu, wie Sie die Bundesagentur f\u00fcr Arbeit unterst\u00fctzen kann, und zu weiteren Hilfsangeboten Arbeitsagentur Rostock Die Bundesagentur f\u00fcr Arbeit hilft allen Menschen in Deutschland, die eine Arbeit suchen. Wir sind eine \u00f6ffentliche Beh\u00f6rde, an die Sie sich kostenfrei wenden [&hellip;]<\/p>","protected":false},"author":1,"featured_media":1527,"parent":0,"menu_order":0,"comment_status":"closed","ping_status":"closed","template":"","meta":{"footnotes":""},"class_list":["post-1658","page","type-page","status-publish","has-post-thumbnail","hentry"],"_links":{"self":[{"href":"https:\/\/deutsch-ukrainisches-zentrum-rostock.de\/uk\/wp-json\/wp\/v2\/pages\/1658","targetHints":{"allow":["GET"]}}],"collection":[{"href":"https:\/\/deutsch-ukrainisches-zentrum-rostock.de\/uk\/wp-json\/wp\/v2\/pages"}],"about":[{"href":"https:\/\/deutsch-ukrainisches-zentrum-rostock.de\/uk\/wp-json\/wp\/v2\/types\/page"}],"author":[{"embeddable":true,"href":"https:\/\/deutsch-ukrainisches-zentrum-rostock.de\/uk\/wp-json\/wp\/v2\/users\/1"}],"replies":[{"embeddable":true,"href":"https:\/\/deutsch-ukrainisches-zentrum-rostock.de\/uk\/wp-json\/wp\/v2\/comments?post=1658"}],"version-history":[{"count":0,"href":"https:\/\/deutsch-ukrainisches-zentrum-rostock.de\/uk\/wp-json\/wp\/v2\/pages\/1658\/revisions"}],"wp:featuredmedia":[{"embeddable":true,"href":"https:\/\/deutsch-ukrainisches-zentrum-rostock.de\/uk\/wp-json\/wp\/v2\/media\/1527"}],"wp:attachment":[{"href":"https:\/\/deutsch-ukrainisches-zentrum-rostock.de\/uk\/wp-json\/wp\/v2\/media?parent=1658"}],"curies":[{"name":"wp","href":"https:\/\/api.w.org\/{rel}","templated":true}]}}